{"id":4009,"date":"2024-01-08T23:17:05","date_gmt":"2024-01-08T23:17:05","guid":{"rendered":"https:\/\/4wanders.com\/?page_id=4009"},"modified":"2024-01-31T08:49:43","modified_gmt":"2024-01-31T08:49:43","slug":"politica-de-privacidad","status":"publish","type":"page","link":"https:\/\/4wanders.com\/en\/politica-de-privacidad\/","title":{"rendered":"Privacy Policy"},"content":{"rendered":"<ol class=\"wp-block-list\">\n<li><strong>POL\u00cdTICA DE PRIVACIDAD<\/strong><\/li>\n<\/ol>\n\n\n\n<p><strong>POL\u00cdTICA DE PRIVACIDAD<\/strong><\/p>\n\n\n\n<p>Es compromiso de COLIVING SPAIN EXPERIENCE, S.L., (en adelante, 4WANDERS) el respeto de la privacidad de los usuarios y la protecci\u00f3n y seguridad de sus datos personales. Por ello, a trav\u00e9s de esta pol\u00edtica de privacidad, se informa a los usuarios (en adelante, \u201cUsuarios\u201d) sobre la forma en que 4WANDERS recaba, trata y protege los datos de car\u00e1cter personal que le son facilitados a trav\u00e9s de la p\u00e1gina web <a href=\"https:\/\/4wanders.com\/en\/\">www.4wanders.com<\/a> (en adelante, \u201cSitio web\u201d).<\/p>\n\n\n\n<ol class=\"wp-block-list\">\n<li><strong>QUI\u00c9N TRATA SUS DATOS PERSONALES&nbsp;<\/strong><\/li>\n<\/ol>\n\n\n\n<p>A continuaci\u00f3n, encontrar\u00e1 informaci\u00f3n sobre el Responsable del tratamiento de sus datos personales:&nbsp;<\/p>\n\n\n\n<ul class=\"wp-block-list\">\n<li>Denominaci\u00f3n Social: COLIVING SPAIN EXPERIENCE, S.L., (en adelante, \u201c4WANDERS\u201d o el \u201cResponsable del tratamiento\u201d, indistintamente\u00bb.<\/li>\n\n\n\n<li>Domicilio Social: C\/ Almirante Cadarso n\u00ba 26 \u2013 Valencia 46005 (Espa\u00f1a)<\/li>\n\n\n\n<li>CIF: B09983008<\/li>\n\n\n\n<li>Email: &nbsp;<a href=\"mailto:hello@4wanders.com\">hello@4wanders.com<\/a>&nbsp;<\/li>\n<\/ul>\n\n\n\n<ol class=\"wp-block-list\" start=\"2\">\n<li><strong>C\u00d3MO TRATAMOS SUS DATOS PERSONALES<\/strong><\/li>\n<\/ol>\n\n\n\n<p>4WANDERS tratar\u00e1 los datos personales de los Usuarios para cumplir diferentes finalidades, siempre de acuerdo con lo establecido por la normativa en materia de protecci\u00f3n de datos vigente, respetando sus derechos y con total transparencia. En concreto, 4WANDERS trata los datos personales de los Usuarios de conformidad con el Reglamento UE 2016\/679 General de Protecci\u00f3n de Datos, (en adelante, \u201cRGPD\u201d) y la Ley Org\u00e1nica 3\/2018 de 5 de diciembre de Protecci\u00f3n de Datos Personales y garant\u00eda de los derechos digitales (en adelante \u201cLOPDGDD\u201d).<\/p>\n\n\n\n<ol class=\"wp-block-list\" start=\"3\">\n<li><strong>QU\u00c9 DATOS TRATAMOS&nbsp;<\/strong><\/li>\n<\/ol>\n\n\n\n<p>Para los tratamientos de datos llevados a cabo a trav\u00e9s del Sitio web, se usar\u00e1n los datos que le detallamos a continuaci\u00f3n. No todos los datos que le informamos se utilizan para todos los tratamientos de datos.&nbsp;<\/p>\n\n\n\n<p>Las tipolog\u00edas y el detalle de los datos que utilizan los distintos tratamientos descritos en el apartado Cinco de la presente pol\u00edtica, son los siguientes:&nbsp;<\/p>\n\n\n\n<ul class=\"wp-block-list\">\n<li>Datos identificativos: nombre y apellidos<\/li>\n\n\n\n<li>Datos de contacto: direcci\u00f3n de correo electr\u00f3nico y en su caso, el n\u00famero de tel\u00e9fono.&nbsp;<\/li>\n\n\n\n<li>Datos relativos a su actividad profesional\/laboral: nombre de la empresa.&nbsp;<\/li>\n\n\n\n<li>Datos de navegaci\u00f3n del usuario<\/li>\n<\/ul>\n\n\n\n<ol class=\"wp-block-list\" start=\"4\">\n<li><strong>EN QU\u00c9 SE LEGITIMA EL TRATAMIENTO DE SUS DATOS PERSONALES<\/strong><\/li>\n<\/ol>\n\n\n\n<p>4WANDERS legitima el tratamiento de los datos de los Usuarios, de acuerdo con las siguientes bases legitimadoras:&nbsp;<\/p>\n\n\n\n<ul class=\"wp-block-list\">\n<li>En la ejecuci\u00f3n de la relaci\u00f3n precontractual<\/li>\n\n\n\n<li>Ejecuci\u00f3n de la relaci\u00f3n contractual&nbsp;<\/li>\n\n\n\n<li>Consentimiento<\/li>\n<\/ul>\n\n\n\n<ol class=\"wp-block-list\" start=\"5\">\n<li><strong>PARA QU\u00c9 FINALIDADES TRATAMOS SUS DATOS PERSONALES&nbsp;<\/strong><\/li>\n<\/ol>\n\n\n\n<p>4WANDERS trata los datos personales proporcionados a trav\u00e9s del Sitio web para llevar a cabo las siguientes finalidades:&nbsp;<\/p>\n\n\n\n<ul class=\"wp-block-list\">\n<li>Gestionar las reservas de Retreats y\/o alojamiento con coworking a trav\u00e9s del Sitio web, en base a la ejecuci\u00f3n de la relaci\u00f3n contractual.&nbsp;<\/li>\n<\/ul>\n\n\n\n<ul class=\"wp-block-list\">\n<li>Proponer un Retreat personalizado de acuerdo a sus necesidades y objetivos, en base a la ejecuci\u00f3n de la relaci\u00f3n precontractual.&nbsp;<\/li>\n<\/ul>\n\n\n\n<ul class=\"wp-block-list\">\n<li>Resolver y gestionar cualquier consulta, petici\u00f3n de informaci\u00f3n adicional, que el responsable del tratamiento reciba a trav\u00e9s del formulario de contacto disponible en el Sitio web, as\u00ed como las peticiones de informaci\u00f3n y consultas que el Usuario pueda enviar a trav\u00e9s del n\u00famero de tel\u00e9fono de WhatsApp habilitado a tal efecto, en base a la ejecuci\u00f3n de la relaci\u00f3n precontractual.&nbsp;<\/li>\n<\/ul>\n\n\n\n<ul class=\"wp-block-list\">\n<li>Gestionar el env\u00edo de comunicaciones comerciales sobre novedades, noticias, eventos realizados por 4WANDERS en base al consentimiento de los Usuarios.<\/li>\n<\/ul>\n\n\n\n<ul class=\"wp-block-list\">\n<li>Captar y publicar la imagen del Usuario en la p\u00e1gina web, perfil de redes sociales, folletos etc., de 4WANDERS, as\u00ed como por cualquier otro medio an\u00e1logo o cualquier otro medio an\u00e1logo corporativo, y siempre con fines de car\u00e1cter social, publicitario y promocional de la empresa, sin derecho a recibir contraprestaci\u00f3n alguna, previa obtenci\u00f3n del consentimiento del interesado<\/li>\n<\/ul>\n\n\n\n<ol class=\"wp-block-list\" start=\"6\">\n<li><strong>DESTINATARIOS DE LOS DATOS PERSONALES<\/strong><\/li>\n<\/ol>\n\n\n\n<p><strong>6.1 Comunicaci\u00f3n de datos necesaria para la prestaci\u00f3n del servicio por parte de 4WANDERS<\/strong><\/p>\n\n\n\n<p>Por medio de la presente, el Responsable le informa que los datos personales de los usuarios que hayan efectuado la reserva de alojamiento a trav\u00e9s del Sitio web, ser\u00e1n comunicados a la empresa de alojamiento con la que 4WANDERS tenga suscrito un acuerdo de colaboraci\u00f3n.&nbsp;<\/p>\n\n\n\n<p>Asimismo, en caso de haber contratado el servicio de espacio de trabajo compartido, los datos personales del Usuario ser\u00e1n comunicados al espacio con el que 4wanders haya suscrito un acuerdo de colaboraci\u00f3n<\/p>\n\n\n\n<p>Dicha comunicaci\u00f3n de datos resulta necesaria para la correcta prestaci\u00f3n del servicio contratado a trav\u00e9s del Sitio web en base a la ejecuci\u00f3n de la relaci\u00f3n contractual con el Usuario.&nbsp;&nbsp;<\/p>\n\n\n\n<p><strong>6.2 Encargados del tratamiento de datos<\/strong><\/p>\n\n\n\n<p>Los datos personales de los Usuarios podr\u00e1n ser tratados por proveedores id\u00f3neos necesarios para la prestaci\u00f3n de servicios incluidos en el Sitio web. Dichos prestadores de servicios \u00fanicamente tratar\u00e1n los datos en calidad de encargados del tratamiento, para las finalidades e instrucciones establecidas por 4WANDERS.<\/p>\n\n\n\n<ol class=\"wp-block-list\" start=\"7\">\n<li><strong>TRANSFERENCIAS INTERNACIONALES DE DATOS&nbsp;<\/strong><\/li>\n<\/ol>\n\n\n\n<p>Las transferencias internacionales de datos suponen un flujo de datos personales desde la UE a destinatarios establecidos en pa\u00edses fuera del Espacio Econ\u00f3mico Europeo.<\/p>\n\n\n\n<p>En 4WANDERS tratamos sus datos dentro del Espacio Econ\u00f3mico Europeo y, con contratamos con prestadores de servicios ubicados tambi\u00e9n dentro del Espacio Econ\u00f3mico Europeo o en pa\u00edses que han sido declarados con un nivel adecuado de protecci\u00f3n.<\/p>\n\n\n\n<p>Sin perjuicio de lo anterior, 4WANDERS contrata alguno de sus servicios con proveedores que realicen tratamientos fuera del Espacio Econ\u00f3mico Europeo o en pa\u00edses que no han sido declarados con un nivel adecuado de protecci\u00f3n, nos asegurar\u00edamos de garantizar la seguridad y legitimidad del tratamiento sus datos.<\/p>\n\n\n\n<ol class=\"wp-block-list\" start=\"8\">\n<li><strong>PLAZO DE CONSERVACI\u00d3N&nbsp;<\/strong><\/li>\n<\/ol>\n\n\n\n<p>4WANDERS conservar\u00e1 los datos personales de los Usuarios durante el plazo que se contempla a continuaci\u00f3n, atendiendo a las finalidades en concreto:<\/p>\n\n\n\n<ul class=\"wp-block-list\">\n<li>Gestionar las reservas de alojamiento y servicios de Coworking as\u00ed como Retreats: durante el tiempo de la estancia del cliente y en su caso durante el plazo necesario para el cumplimiento de las correspondientes obligaciones legales y prescripci\u00f3n de responsabilidades.&nbsp;<\/li>\n<\/ul>\n\n\n\n<ul class=\"wp-block-list\">\n<li>&nbsp;Datos para la gesti\u00f3n de las peticiones de contacto y consultas: durante el tiempo necesario para atender a finalidad para la cual fueron recabados y en su caso hasta que se solicite la supresi\u00f3n de los datos.&nbsp;<\/li>\n<\/ul>\n\n\n\n<ul class=\"wp-block-list\">\n<li>Propuesta de Retreats en base a las necesidades del cliente: durante el tiempo necesario para atender a finalidad para la cual fueron recabados y en su caso hasta que se solicite la supresi\u00f3n de los datos.&nbsp;<\/li>\n<\/ul>\n\n\n\n<ul class=\"wp-block-list\">\n<li>Env\u00edo de comunicaciones comerciales electr\u00f3nicas: Hasta que el usuario revoque su consentimiento, solicitando la baja del env\u00edo de dichas newsletters o ejercite el derecho de supresi\u00f3n de sus datos para dicha finalidad.<\/li>\n<\/ul>\n\n\n\n<ul class=\"wp-block-list\">\n<li>Tratamiento de la imagen del Usuario: &nbsp;Se conservar\u00e1n durante un plazo m\u00e1ximo de cinco (5) a\u00f1os y en todo con car\u00e1cter previo si el Usuario revoca el consentimiento para el tratamiento de la imagen o solicita la supresi\u00f3n de sus datos de car\u00e1cter personal.&nbsp;<\/li>\n<\/ul>\n\n\n\n<ol class=\"wp-block-list\" start=\"9\">\n<li><strong>&nbsp;EJERCICIO DE DERECHOS EN MATERIA DE PROTECCI\u00d3N DE DATOS.<\/strong><\/li>\n<\/ol>\n\n\n\n<p>En cualquier momento, el usuario podr\u00e1 ejercer sus derechos de acceso, rectificaci\u00f3n, supresi\u00f3n, oposici\u00f3n, limitaci\u00f3n y portabilidad de sus datos, enviando su petici\u00f3n por escrito a la siguiente direcci\u00f3n de correo electr\u00f3nico <a href=\"mailto:rgpd@4wanders.com\">rgpd@4wanders.com<\/a> indicando el derecho en materia de protecci\u00f3n de datos que desea ejercitar.&nbsp;<\/p>\n\n\n\n<p>Por \u00faltimo, se informa al usuario que en caso de considerar que no se ha satisfecho el ejercicio de sus derechos, presentar una reclamaci\u00f3n ante la Agencia Espa\u00f1ola de Protecci\u00f3n de Datos. M\u00e1s informaci\u00f3n en <a href=\"http:\/\/www.aepd.es\">www.aepd.es<\/a>.&nbsp;<\/p>\n\n\n\n<p>\u00daltima actualizaci\u00f3n: Febrero 2023<\/p>","protected":false},"excerpt":{"rendered":"<p>POL\u00cdTICA DE PRIVACIDAD Es compromiso de COLIVING SPAIN EXPERIENCE, S.L., (en adelante, 4WANDERS) el respeto de la privacidad de los usuarios y la protecci\u00f3n y seguridad de sus datos personales. Por ello, a trav\u00e9s de esta pol\u00edtica de privacidad, se informa a los usuarios (en adelante, \u201cUsuarios\u201d) sobre la forma en que 4WANDERS recaba, trata [&hellip;]<\/p>","protected":false},"author":6,"featured_media":0,"parent":0,"menu_order":0,"comment_status":"closed","ping_status":"closed","template":"","meta":{"footnotes":""},"class_list":["post-4009","page","type-page","status-publish","hentry"],"yoast_head":"<!-- This site is optimized with the Yoast SEO plugin v21.5 - https:\/\/yoast.com\/wordpress\/plugins\/seo\/ -->\n<title>Pol\u00edtica de Privacidad - 4wanders Coliving &amp; Retreats<\/title>\n<meta name=\"robots\" content=\"index, follow, max-snippet:-1, max-image-preview:large, max-video-preview:-1\" \/>\n<link rel=\"canonical\" href=\"https:\/\/4wanders.com\/en\/politica-de-privacidad\/\" \/>\n<meta property=\"og:locale\" content=\"en_GB\" \/>\n<meta property=\"og:type\" content=\"article\" \/>\n<meta property=\"og:title\" content=\"Pol\u00edtica de Privacidad - 4wanders Coliving &amp; Retreats\" \/>\n<meta property=\"og:description\" content=\"POL\u00cdTICA DE PRIVACIDAD Es compromiso de COLIVING SPAIN EXPERIENCE, S.L., (en adelante, 4WANDERS) el respeto de la privacidad de los usuarios y la protecci\u00f3n y seguridad de sus datos personales. Por ello, a trav\u00e9s de esta pol\u00edtica de privacidad, se informa a los usuarios (en adelante, \u201cUsuarios\u201d) sobre la forma en que 4WANDERS recaba, trata [&hellip;]\" \/>\n<meta property=\"og:url\" content=\"https:\/\/4wanders.com\/en\/politica-de-privacidad\/\" \/>\n<meta property=\"og:site_name\" content=\"4wanders\" \/>\n<meta property=\"article:publisher\" content=\"https:\/\/www.facebook.com\/colivingvalencia\/\" \/>\n<meta property=\"article:modified_time\" content=\"2024-01-31T08:49:43+00:00\" \/>\n<meta property=\"og:image\" content=\"https:\/\/4wanders.com\/wp-content\/uploads\/2023\/02\/Instagram-post-5.png\" \/>\n\t<meta property=\"og:image:width\" content=\"1080\" \/>\n\t<meta property=\"og:image:height\" content=\"1080\" \/>\n\t<meta property=\"og:image:type\" content=\"image\/png\" \/>\n<meta name=\"twitter:card\" content=\"summary_large_image\" \/>\n<meta name=\"twitter:label1\" content=\"Estimated reading time\" \/>\n\t<meta name=\"twitter:data1\" content=\"6 minutes\" \/>\n<script type=\"application\/ld+json\" class=\"yoast-schema-graph\">{\"@context\":\"https:\/\/schema.org\",\"@graph\":[{\"@type\":\"WebPage\",\"@id\":\"https:\/\/4wanders.com\/politica-de-privacidad\/\",\"url\":\"https:\/\/4wanders.com\/politica-de-privacidad\/\",\"name\":\"Pol\u00edtica de Privacidad - 4wanders Coliving & Retreats\",\"isPartOf\":{\"@id\":\"https:\/\/4wanders.com\/#website\"},\"datePublished\":\"2024-01-08T23:17:05+00:00\",\"dateModified\":\"2024-01-31T08:49:43+00:00\",\"breadcrumb\":{\"@id\":\"https:\/\/4wanders.com\/politica-de-privacidad\/#breadcrumb\"},\"inLanguage\":\"en-GB\",\"potentialAction\":[{\"@type\":\"ReadAction\",\"target\":[\"https:\/\/4wanders.com\/politica-de-privacidad\/\"]}]},{\"@type\":\"BreadcrumbList\",\"@id\":\"https:\/\/4wanders.com\/politica-de-privacidad\/#breadcrumb\",\"itemListElement\":[{\"@type\":\"ListItem\",\"position\":1,\"name\":\"Portada\",\"item\":\"https:\/\/4wanders.com\/\"},{\"@type\":\"ListItem\",\"position\":2,\"name\":\"Pol\u00edtica de Privacidad\"}]},{\"@type\":\"WebSite\",\"@id\":\"https:\/\/4wanders.com\/#website\",\"url\":\"https:\/\/4wanders.com\/\",\"name\":\"4wanders\",\"description\":\"Coliving &amp; Retreats in Spain\",\"publisher\":{\"@id\":\"https:\/\/4wanders.com\/#organization\"},\"potentialAction\":[{\"@type\":\"SearchAction\",\"target\":{\"@type\":\"EntryPoint\",\"urlTemplate\":\"https:\/\/4wanders.com\/?s={search_term_string}\"},\"query-input\":\"required name=search_term_string\"}],\"inLanguage\":\"en-GB\"},{\"@type\":\"Organization\",\"@id\":\"https:\/\/4wanders.com\/#organization\",\"name\":\"4wanders\",\"url\":\"https:\/\/4wanders.com\/\",\"logo\":{\"@type\":\"ImageObject\",\"inLanguage\":\"en-GB\",\"@id\":\"https:\/\/4wanders.com\/#\/schema\/logo\/image\/\",\"url\":\"https:\/\/4wanders.com\/wp-content\/uploads\/2023\/02\/Instagram-post-5.png\",\"contentUrl\":\"https:\/\/4wanders.com\/wp-content\/uploads\/2023\/02\/Instagram-post-5.png\",\"width\":1080,\"height\":1080,\"caption\":\"4wanders\"},\"image\":{\"@id\":\"https:\/\/4wanders.com\/#\/schema\/logo\/image\/\"},\"sameAs\":[\"https:\/\/www.facebook.com\/colivingvalencia\/\",\"https:\/\/www.instagram.com\/4wanders\/\",\"https:\/\/www.youtube.com\/@4wanders\"]}]}<\/script>\n<!-- \/ Yoast SEO plugin. -->","yoast_head_json":{"title":"Pol\u00edtica de Privacidad - 4wanders Coliving & Retreats","robots":{"index":"index","follow":"follow","max-snippet":"max-snippet:-1","max-image-preview":"max-image-preview:large","max-video-preview":"max-video-preview:-1"},"canonical":"https:\/\/4wanders.com\/en\/politica-de-privacidad\/","og_locale":"en_GB","og_type":"article","og_title":"Pol\u00edtica de Privacidad - 4wanders Coliving & Retreats","og_description":"POL\u00cdTICA DE PRIVACIDAD Es compromiso de COLIVING SPAIN EXPERIENCE, S.L., (en adelante, 4WANDERS) el respeto de la privacidad de los usuarios y la protecci\u00f3n y seguridad de sus datos personales. Por ello, a trav\u00e9s de esta pol\u00edtica de privacidad, se informa a los usuarios (en adelante, \u201cUsuarios\u201d) sobre la forma en que 4WANDERS recaba, trata [&hellip;]","og_url":"https:\/\/4wanders.com\/en\/politica-de-privacidad\/","og_site_name":"4wanders","article_publisher":"https:\/\/www.facebook.com\/colivingvalencia\/","article_modified_time":"2024-01-31T08:49:43+00:00","og_image":[{"width":1080,"height":1080,"url":"https:\/\/4wanders.com\/wp-content\/uploads\/2023\/02\/Instagram-post-5.png","type":"image\/png"}],"twitter_card":"summary_large_image","twitter_misc":{"Estimated reading time":"6 minutes"},"schema":{"@context":"https:\/\/schema.org","@graph":[{"@type":"WebPage","@id":"https:\/\/4wanders.com\/politica-de-privacidad\/","url":"https:\/\/4wanders.com\/politica-de-privacidad\/","name":"Pol\u00edtica de Privacidad - 4wanders Coliving & Retreats","isPartOf":{"@id":"https:\/\/4wanders.com\/#website"},"datePublished":"2024-01-08T23:17:05+00:00","dateModified":"2024-01-31T08:49:43+00:00","breadcrumb":{"@id":"https:\/\/4wanders.com\/politica-de-privacidad\/#breadcrumb"},"inLanguage":"en-GB","potentialAction":[{"@type":"ReadAction","target":["https:\/\/4wanders.com\/politica-de-privacidad\/"]}]},{"@type":"BreadcrumbList","@id":"https:\/\/4wanders.com\/politica-de-privacidad\/#breadcrumb","itemListElement":[{"@type":"ListItem","position":1,"name":"Portada","item":"https:\/\/4wanders.com\/"},{"@type":"ListItem","position":2,"name":"Pol\u00edtica de Privacidad"}]},{"@type":"WebSite","@id":"https:\/\/4wanders.com\/#website","url":"https:\/\/4wanders.com\/","name":"4wanders","description":"Coliving &amp; Retreats in Spain","publisher":{"@id":"https:\/\/4wanders.com\/#organization"},"potentialAction":[{"@type":"SearchAction","target":{"@type":"EntryPoint","urlTemplate":"https:\/\/4wanders.com\/?s={search_term_string}"},"query-input":"required name=search_term_string"}],"inLanguage":"en-GB"},{"@type":"Organization","@id":"https:\/\/4wanders.com\/#organization","name":"4wanders","url":"https:\/\/4wanders.com\/","logo":{"@type":"ImageObject","inLanguage":"en-GB","@id":"https:\/\/4wanders.com\/#\/schema\/logo\/image\/","url":"https:\/\/4wanders.com\/wp-content\/uploads\/2023\/02\/Instagram-post-5.png","contentUrl":"https:\/\/4wanders.com\/wp-content\/uploads\/2023\/02\/Instagram-post-5.png","width":1080,"height":1080,"caption":"4wanders"},"image":{"@id":"https:\/\/4wanders.com\/#\/schema\/logo\/image\/"},"sameAs":["https:\/\/www.facebook.com\/colivingvalencia\/","https:\/\/www.instagram.com\/4wanders\/","https:\/\/www.youtube.com\/@4wanders"]}]}},"_links":{"self":[{"href":"https:\/\/4wanders.com\/en\/wp-json\/wp\/v2\/pages\/4009","targetHints":{"allow":["GET"]}}],"collection":[{"href":"https:\/\/4wanders.com\/en\/wp-json\/wp\/v2\/pages"}],"about":[{"href":"https:\/\/4wanders.com\/en\/wp-json\/wp\/v2\/types\/page"}],"author":[{"embeddable":true,"href":"https:\/\/4wanders.com\/en\/wp-json\/wp\/v2\/users\/6"}],"replies":[{"embeddable":true,"href":"https:\/\/4wanders.com\/en\/wp-json\/wp\/v2\/comments?post=4009"}],"version-history":[{"count":2,"href":"https:\/\/4wanders.com\/en\/wp-json\/wp\/v2\/pages\/4009\/revisions"}],"predecessor-version":[{"id":4275,"href":"https:\/\/4wanders.com\/en\/wp-json\/wp\/v2\/pages\/4009\/revisions\/4275"}],"wp:attachment":[{"href":"https:\/\/4wanders.com\/en\/wp-json\/wp\/v2\/media?parent=4009"}],"curies":[{"name":"wp","href":"https:\/\/api.w.org\/{rel}","templated":true}]}}