{"id":4007,"date":"2024-01-08T23:16:04","date_gmt":"2024-01-08T23:16:04","guid":{"rendered":"https:\/\/4wanders.com\/?page_id=4007"},"modified":"2024-01-08T23:16:05","modified_gmt":"2024-01-08T23:16:05","slug":"politica-de-cookies","status":"publish","type":"page","link":"https:\/\/4wanders.com\/en\/politica-de-cookies\/","title":{"rendered":"Cookie Policy"},"content":{"rendered":"<p><strong>POL\u00cdTICA DE COOKIES<\/strong><\/p>\n\n\n\n<p>COLIVING SPAIN EXPERIENCE, S.L. (en adelante, \u201c4WANDERS\u201d) le informa que este sitio web utiliza cookies. A continuaci\u00f3n, el usuario encontrar\u00e1 informaci\u00f3n detallada sobre las cookies que son instaladas en la p\u00e1gina web.<\/p>\n\n\n\n<ol class=\"wp-block-list\">\n<li><strong>\u00bfQU\u00c9 SON LAS COOKIES?<\/strong><\/li>\n<\/ol>\n\n\n\n<p>Se considera cookies a cualquier tipo de archivo o dispositivo que se descarga en el equipo terminal de un usuario con la finalidad de almacenar datos que podr\u00e1n ser actualizados y recuperados por la entidad responsable de su instalaci\u00f3n. Se ubican en el disco duro del ordenador del Usuario, que archivan informaci\u00f3n sobre el uso que se realiza de un determinado Sitio Web.&nbsp;<\/p>\n\n\n\n<ol class=\"wp-block-list\" start=\"2\">\n<li><strong>\u00bfQU\u00c9 TIPO DE COOKIES SE UTILIZAN EN ESTA P\u00c1GINA WEB?<\/strong><\/li>\n<\/ol>\n\n\n\n<p>Respecto a la finalidad de las cookies, en esta web utilizamos las siguientes:<\/p>\n\n\n\n<ul class=\"wp-block-list\">\n<li><strong>Cookies t\u00e9cnicas estrictamente necesarias: <\/strong>Se tratan de cookies necesarias para el correcto funcionamiento de la web, as\u00ed como entre otros, guardar el identificador de sesi\u00f3n del usuario.<\/li>\n<\/ul>\n\n\n\n<ul class=\"wp-block-list\">\n<li><strong>Cookies de an\u00e1lisis\/estad\u00edsticas:<\/strong> Son aqu\u00e9llas que permiten al responsable de las mismas, el seguimiento y an\u00e1lisis del comportamiento de los usuarios de los sitios web a los que est\u00e1n vinculadas. La informaci\u00f3n recogida mediante este tipo de cookies se utiliza en la medici\u00f3n de la actividad de los sitios web, aplicaci\u00f3n o plataforma y para la elaboraci\u00f3n de perfiles de navegaci\u00f3n de los usuarios de dichos sitios.<\/li>\n<\/ul>\n\n\n\n<ul class=\"wp-block-list\">\n<li><strong>Cookies de publicidad comportamental:<\/strong> son aquellas que almacenan informaci\u00f3n del comportamiento de los usuarios y que permiten desarrollar un perfil espec\u00edfico para mostrar publicidad en funci\u00f3n de los intereses y preferencias del interesado.<\/li>\n<\/ul>\n\n\n\n<p>Asimismo, en cuanto a la entidad que gestiona las cookies, esta p\u00e1gina web utiliza<strong>:&nbsp;<\/strong><\/p>\n\n\n\n<ul class=\"wp-block-list\">\n<li><strong>Cookies propias: <\/strong>son aquellas que se env\u00edan al equipo terminal del usuario desde un equipo o dominio gestionado por el propio editor y desde el que se presta el servicio solicitado por el usuario.<\/li>\n<\/ul>\n\n\n\n<ul class=\"wp-block-list\">\n<li><strong>Cookies de<\/strong> <strong>terceros<\/strong>: entendidas como aquellas que se env\u00edan al terminal del usuario desde un equipo o dominio que no es gestionado por el editor sino por otra entidad que trata los datos obtenidos a trav\u00e9s de las cookies.<\/li>\n<\/ul>\n\n\n\n<p>En el apartado tercero (III) de la presente Pol\u00edtica de cookies bajo el t\u00edtulo \u201cInformaci\u00f3n sobre terceros\u201d podr\u00e1 encontrar m\u00e1s informaci\u00f3n sobre dichos terceros.&nbsp;<\/p>\n\n\n\n<p>Respecto al plazo de tiempo que permanecen activadas, en esta web utilizamos las siguientes:<\/p>\n\n\n\n<ul class=\"wp-block-list\">\n<li><strong>Cookies de sesi\u00f3n<\/strong>: Son aquellas dise\u00f1adas para recabar y almacenar datos mientras el usuario accede a una p\u00e1gina web y desaparecen al cerrar el navegador.&nbsp;<\/li>\n<\/ul>\n\n\n\n<ul class=\"wp-block-list\">\n<li><strong>Cookies persistentes<\/strong>: son aquellas en las que los datos siguen almacenados en el terminal y que pueden ser accedidos durante un periodo definido por el responsable de la cookie que puede ir de varios minutos a varios a\u00f1os.&nbsp;<\/li>\n<\/ul>\n\n\n\n<p>En la tabla que se muestra a continuaci\u00f3n encontrar\u00e1 informaci\u00f3n completa sobre las cookies utilizadas y descargadas en nuestra p\u00e1gina web.<\/p>\n\n\n\n<figure class=\"wp-block-table\"><table><tbody><tr><td><strong>TIPOLOG\u00cdA<\/strong><\/td><td><strong>NOMBRE<\/strong><\/td><td><strong>DURACI\u00d3N<\/strong><\/td><td><strong>PROCEDENCIA<\/strong><\/td><td><strong>FINALIDAD<\/strong><\/td><td><strong>TRANSFERENCIAS INTERNACIONALES DE DATOS&nbsp;<\/strong><\/td><\/tr><tr><td><strong>Cookies t\u00e9cnicas estrictamente necesarias<\/strong><\/td><td>PHPSESSID<\/td><td>De sesi\u00f3n<\/td><td>Propia<\/td><td>Cookie t\u00e9cnica y estrictamente necesaria que contiene el identificador de la sesi\u00f3n. Se elimina al cerrar el navegador.<\/td><td>No<\/td><\/tr><tr><td rowspan=\"3\"><strong>Cookies anal\u00edticas<\/strong><\/td><td>_ga<\/td><td>2 a\u00f1os<\/td><td>De terceros:&nbsp;Google Analytics&nbsp;&nbsp;<\/td><td>Registra una identificaci\u00f3n \u00fanica que se utiliza para generar estad\u00edsticas acerca de c\u00f3mo utiliza el visitante el sitio, permitiendo distinguir unos de otros.<\/td><td>S\u00ed. EE.UU.<\/td><\/tr><tr><td>__stripe_sid<\/td><td>30 minutos<\/td><td>De terceros:Stripe<\/td><td>Prevenir fraudes en los pagos<\/td><td>S\u00ed. EE.UU.<\/td><\/tr><tr><td>__stripe_mid<\/td><td>30 minutos<\/td><td>De terceros:Stripe<\/td><td>Stripe se utiliza para realizar pagos con tarjeta de cr\u00e9dito. Stripe utiliza una cookie para recordar qui\u00e9n es usted y permitir procesar los pagos sin almacenar ninguna informaci\u00f3n de la tarjeta de cr\u00e9dito en sus propios servidores.<\/td><td>S\u00ed. EE.UU.<\/td><\/tr><tr><td><strong>Cookies de publicidad<\/strong><\/td><td>_fbp<\/td><td>3 meses<\/td><td>De terceros:<br>Facebook&nbsp;&nbsp;<\/td><td>Almacenar y rastrear las visitas a trav\u00e9s de sitios web para campa\u00f1as de Facebook e Instagram<\/td><td>S\u00ed. EE.UU.<\/td><\/tr><\/tbody><\/table><\/figure>\n\n\n\n<ol class=\"wp-block-list\" start=\"3\">\n<li><strong>Informaci\u00f3n sobre terceros y transferencias internacionales de datos.&nbsp;<\/strong><\/li>\n<\/ol>\n\n\n\n<p>El usuario puede obtener informaci\u00f3n completa sobre los terceros, as\u00ed como en su caso de las transferencias a terceros pa\u00edses que puedan llevar a cabo los terceros, a trav\u00e9s de los enlaces a sus p\u00e1ginas web detalladas a continuaci\u00f3n. El usuario por medio de los enlaces podr\u00e1 consultar las correspondientes pol\u00edticas de protecci\u00f3n de datos y cookies de dichos terceros:<\/p>\n\n\n\n<ul class=\"wp-block-list\">\n<li>Google: <a href=\"https:\/\/policies.google.com\/privacy?hl=es\">https:\/\/policies.google.com\/<\/a><\/li>\n<\/ul>\n\n\n\n<ul class=\"wp-block-list\">\n<li>Facebook: <a href=\"https:\/\/www.facebook.com\/about\/privacy\">https:\/\/www.facebook.com\/<\/a>&nbsp;<\/li>\n<\/ul>\n\n\n\n<ul class=\"wp-block-list\">\n<li>Stripe: https:\/\/stripe.com\/es\/privacy<\/li>\n<\/ul>\n\n\n\n<p>Asimismo, informamos a los usuarios que la informaci\u00f3n obtenida a trav\u00e9s de las cookies gestionadas por terceros es transferida a EEUU y que dicho pa\u00eds de destino es un tercer pa\u00eds que, actualmente, no ofrece un nivel de protecci\u00f3n adecuado en el sentido del Reglamento General de Protecci\u00f3n de Datos europeo (\u201cRGPD\u201d o \u201cReglamento (UE) 2016\/679\u201d).&nbsp;<\/p>\n\n\n\n<p>Igualmente, le comunicamos que 4WANDERS no puede controlar ni se hace responsable del contenido y veracidad de los t\u00e9rminos y condiciones y las pol\u00edticas de privacidad de terceros, as\u00ed como de aquella informaci\u00f3n que el tercero no ofrezca en castellano. Asimismo, tampoco se hace responsable del correcto funcionamiento de los enlaces facilitados a las correspondientes p\u00e1ginas webs.<\/p>\n\n\n\n<ol class=\"wp-block-list\" start=\"4\">\n<li><strong>&nbsp;&nbsp;Configuraci\u00f3n, desactivaci\u00f3n y eliminaci\u00f3n de cookies.<\/strong><\/li>\n<\/ol>\n\n\n\n<p>&nbsp;Para configurar o desactivar las cookies se puede acceder a nuestro panel de configuraci\u00f3n aqu\u00ed.&nbsp;<\/p>\n\n\n\n<p>Asimismo, el usuario podr\u00e1 tambi\u00e9n eliminarlas desde las opciones del navegador o desde el sistema ofrecido por el propio tercero.&nbsp;<\/p>\n\n\n\n<p>La forma de acceder a dicha configuraci\u00f3n desde los navegadores m\u00e1s populares ser\u00eda la siguiente:<\/p>\n\n\n\n<p>Internet Explorer: Herramientas -&gt; Opciones de Internet -&gt; Privacidad -&gt; Configuraci\u00f3n.<\/p>\n\n\n\n<p>Para m\u00e1s informaci\u00f3n, puede consultar el soporte de Microsoft o la Ayuda del navegador.<\/p>\n\n\n\n<p>&#8211; Firefox: Herramientas -&gt; Opciones -&gt; Privacidad -&gt; Historial -&gt; Configuraci\u00f3n Personalizada.<\/p>\n\n\n\n<p>Para m\u00e1s informaci\u00f3n, puede consultar el soporte de Mozilla o la Ayuda del navegador.<\/p>\n\n\n\n<p>&#8211; Chrome: Configuraci\u00f3n -&gt; Mostrar opciones avanzadas -&gt; Privacidad -&gt; Configuraci\u00f3n de contenido.<\/p>\n\n\n\n<p>Para m\u00e1s informaci\u00f3n, puede consultar el soporte de Google o la Ayuda del navegador.<\/p>\n\n\n\n<p>&#8211; Safari: Preferencias -&gt; Seguridad.<\/p>\n\n\n\n<p>Para m\u00e1s informaci\u00f3n, puede consultar el soporte de Apple o la Ayuda del navegador.<\/p>\n\n\n\n<ol class=\"wp-block-list\" start=\"5\">\n<li><strong>Actualizaci\u00f3n de Pol\u00edtica de cookies.<\/strong><\/li>\n<\/ol>\n\n\n\n<p>Esta Pol\u00edtica de Cookies puede variar en funci\u00f3n de nuevas exigencias legislativas, reglamentarias, o con la finalidad de adaptar dicha pol\u00edtica a las instrucciones dictadas por la Agencia Espa\u00f1ola de Protecci\u00f3n de Datos.<\/p>\n\n\n\n<p>Por \u00faltimo, si el usuario desea obtener informaci\u00f3n en materia de protecci\u00f3n de datos, le recomendamos que consulte nuestra Pol\u00edtica de Protecci\u00f3n de Datos.&nbsp;<\/p>\n\n\n\n<p>\u00daltima actualizaci\u00f3n: mayo 2023<\/p>","protected":false},"excerpt":{"rendered":"<p>POL\u00cdTICA DE COOKIES COLIVING SPAIN EXPERIENCE, S.L. (en adelante, \u201c4WANDERS\u201d) le informa que este sitio web utiliza cookies. A continuaci\u00f3n, el usuario encontrar\u00e1 informaci\u00f3n detallada sobre las cookies que son instaladas en la p\u00e1gina web. Se considera cookies a cualquier tipo de archivo o dispositivo que se descarga en el equipo terminal de un usuario [&hellip;]<\/p>","protected":false},"author":6,"featured_media":0,"parent":0,"menu_order":0,"comment_status":"closed","ping_status":"closed","template":"","meta":{"footnotes":""},"class_list":["post-4007","page","type-page","status-publish","hentry"],"yoast_head":"<!-- This site is optimized with the Yoast SEO plugin v21.5 - https:\/\/yoast.com\/wordpress\/plugins\/seo\/ -->\n<title>Pol\u00edtica de Cookies - 4wanders Coliving &amp; Retreats<\/title>\n<meta name=\"robots\" content=\"index, follow, max-snippet:-1, max-image-preview:large, max-video-preview:-1\" \/>\n<link rel=\"canonical\" href=\"https:\/\/4wanders.com\/en\/politica-de-cookies\/\" \/>\n<meta property=\"og:locale\" content=\"en_GB\" \/>\n<meta property=\"og:type\" content=\"article\" \/>\n<meta property=\"og:title\" content=\"Pol\u00edtica de Cookies - 4wanders Coliving &amp; Retreats\" \/>\n<meta property=\"og:description\" content=\"POL\u00cdTICA DE COOKIES COLIVING SPAIN EXPERIENCE, S.L. (en adelante, \u201c4WANDERS\u201d) le informa que este sitio web utiliza cookies. A continuaci\u00f3n, el usuario encontrar\u00e1 informaci\u00f3n detallada sobre las cookies que son instaladas en la p\u00e1gina web. Se considera cookies a cualquier tipo de archivo o dispositivo que se descarga en el equipo terminal de un usuario [&hellip;]\" \/>\n<meta property=\"og:url\" content=\"https:\/\/4wanders.com\/en\/politica-de-cookies\/\" \/>\n<meta property=\"og:site_name\" content=\"4wanders\" \/>\n<meta property=\"article:publisher\" content=\"https:\/\/www.facebook.com\/colivingvalencia\/\" \/>\n<meta property=\"article:modified_time\" content=\"2024-01-08T23:16:05+00:00\" \/>\n<meta property=\"og:image\" content=\"https:\/\/4wanders.com\/wp-content\/uploads\/2023\/02\/Instagram-post-5.png\" \/>\n\t<meta property=\"og:image:width\" content=\"1080\" \/>\n\t<meta property=\"og:image:height\" content=\"1080\" \/>\n\t<meta property=\"og:image:type\" content=\"image\/png\" \/>\n<meta name=\"twitter:card\" content=\"summary_large_image\" \/>\n<meta name=\"twitter:label1\" content=\"Estimated reading time\" \/>\n\t<meta name=\"twitter:data1\" content=\"5 minutes\" \/>\n<script type=\"application\/ld+json\" class=\"yoast-schema-graph\">{\"@context\":\"https:\/\/schema.org\",\"@graph\":[{\"@type\":\"WebPage\",\"@id\":\"https:\/\/4wanders.com\/politica-de-cookies\/\",\"url\":\"https:\/\/4wanders.com\/politica-de-cookies\/\",\"name\":\"Pol\u00edtica de Cookies - 4wanders Coliving & Retreats\",\"isPartOf\":{\"@id\":\"https:\/\/4wanders.com\/#website\"},\"datePublished\":\"2024-01-08T23:16:04+00:00\",\"dateModified\":\"2024-01-08T23:16:05+00:00\",\"breadcrumb\":{\"@id\":\"https:\/\/4wanders.com\/politica-de-cookies\/#breadcrumb\"},\"inLanguage\":\"en-GB\",\"potentialAction\":[{\"@type\":\"ReadAction\",\"target\":[\"https:\/\/4wanders.com\/politica-de-cookies\/\"]}]},{\"@type\":\"BreadcrumbList\",\"@id\":\"https:\/\/4wanders.com\/politica-de-cookies\/#breadcrumb\",\"itemListElement\":[{\"@type\":\"ListItem\",\"position\":1,\"name\":\"Portada\",\"item\":\"https:\/\/4wanders.com\/\"},{\"@type\":\"ListItem\",\"position\":2,\"name\":\"Pol\u00edtica de Cookies\"}]},{\"@type\":\"WebSite\",\"@id\":\"https:\/\/4wanders.com\/#website\",\"url\":\"https:\/\/4wanders.com\/\",\"name\":\"4wanders\",\"description\":\"Coliving &amp; Retreats in Spain\",\"publisher\":{\"@id\":\"https:\/\/4wanders.com\/#organization\"},\"potentialAction\":[{\"@type\":\"SearchAction\",\"target\":{\"@type\":\"EntryPoint\",\"urlTemplate\":\"https:\/\/4wanders.com\/?s={search_term_string}\"},\"query-input\":\"required name=search_term_string\"}],\"inLanguage\":\"en-GB\"},{\"@type\":\"Organization\",\"@id\":\"https:\/\/4wanders.com\/#organization\",\"name\":\"4wanders\",\"url\":\"https:\/\/4wanders.com\/\",\"logo\":{\"@type\":\"ImageObject\",\"inLanguage\":\"en-GB\",\"@id\":\"https:\/\/4wanders.com\/#\/schema\/logo\/image\/\",\"url\":\"https:\/\/4wanders.com\/wp-content\/uploads\/2023\/02\/Instagram-post-5.png\",\"contentUrl\":\"https:\/\/4wanders.com\/wp-content\/uploads\/2023\/02\/Instagram-post-5.png\",\"width\":1080,\"height\":1080,\"caption\":\"4wanders\"},\"image\":{\"@id\":\"https:\/\/4wanders.com\/#\/schema\/logo\/image\/\"},\"sameAs\":[\"https:\/\/www.facebook.com\/colivingvalencia\/\",\"https:\/\/www.instagram.com\/4wanders\/\",\"https:\/\/www.youtube.com\/@4wanders\"]}]}<\/script>\n<!-- \/ Yoast SEO plugin. -->","yoast_head_json":{"title":"Pol\u00edtica de Cookies - 4wanders Coliving & Retreats","robots":{"index":"index","follow":"follow","max-snippet":"max-snippet:-1","max-image-preview":"max-image-preview:large","max-video-preview":"max-video-preview:-1"},"canonical":"https:\/\/4wanders.com\/en\/politica-de-cookies\/","og_locale":"en_GB","og_type":"article","og_title":"Pol\u00edtica de Cookies - 4wanders Coliving & Retreats","og_description":"POL\u00cdTICA DE COOKIES COLIVING SPAIN EXPERIENCE, S.L. (en adelante, \u201c4WANDERS\u201d) le informa que este sitio web utiliza cookies. A continuaci\u00f3n, el usuario encontrar\u00e1 informaci\u00f3n detallada sobre las cookies que son instaladas en la p\u00e1gina web. Se considera cookies a cualquier tipo de archivo o dispositivo que se descarga en el equipo terminal de un usuario [&hellip;]","og_url":"https:\/\/4wanders.com\/en\/politica-de-cookies\/","og_site_name":"4wanders","article_publisher":"https:\/\/www.facebook.com\/colivingvalencia\/","article_modified_time":"2024-01-08T23:16:05+00:00","og_image":[{"width":1080,"height":1080,"url":"https:\/\/4wanders.com\/wp-content\/uploads\/2023\/02\/Instagram-post-5.png","type":"image\/png"}],"twitter_card":"summary_large_image","twitter_misc":{"Estimated reading time":"5 minutes"},"schema":{"@context":"https:\/\/schema.org","@graph":[{"@type":"WebPage","@id":"https:\/\/4wanders.com\/politica-de-cookies\/","url":"https:\/\/4wanders.com\/politica-de-cookies\/","name":"Pol\u00edtica de Cookies - 4wanders Coliving & Retreats","isPartOf":{"@id":"https:\/\/4wanders.com\/#website"},"datePublished":"2024-01-08T23:16:04+00:00","dateModified":"2024-01-08T23:16:05+00:00","breadcrumb":{"@id":"https:\/\/4wanders.com\/politica-de-cookies\/#breadcrumb"},"inLanguage":"en-GB","potentialAction":[{"@type":"ReadAction","target":["https:\/\/4wanders.com\/politica-de-cookies\/"]}]},{"@type":"BreadcrumbList","@id":"https:\/\/4wanders.com\/politica-de-cookies\/#breadcrumb","itemListElement":[{"@type":"ListItem","position":1,"name":"Portada","item":"https:\/\/4wanders.com\/"},{"@type":"ListItem","position":2,"name":"Pol\u00edtica de Cookies"}]},{"@type":"WebSite","@id":"https:\/\/4wanders.com\/#website","url":"https:\/\/4wanders.com\/","name":"4wanders","description":"Coliving &amp; Retreats in Spain","publisher":{"@id":"https:\/\/4wanders.com\/#organization"},"potentialAction":[{"@type":"SearchAction","target":{"@type":"EntryPoint","urlTemplate":"https:\/\/4wanders.com\/?s={search_term_string}"},"query-input":"required name=search_term_string"}],"inLanguage":"en-GB"},{"@type":"Organization","@id":"https:\/\/4wanders.com\/#organization","name":"4wanders","url":"https:\/\/4wanders.com\/","logo":{"@type":"ImageObject","inLanguage":"en-GB","@id":"https:\/\/4wanders.com\/#\/schema\/logo\/image\/","url":"https:\/\/4wanders.com\/wp-content\/uploads\/2023\/02\/Instagram-post-5.png","contentUrl":"https:\/\/4wanders.com\/wp-content\/uploads\/2023\/02\/Instagram-post-5.png","width":1080,"height":1080,"caption":"4wanders"},"image":{"@id":"https:\/\/4wanders.com\/#\/schema\/logo\/image\/"},"sameAs":["https:\/\/www.facebook.com\/colivingvalencia\/","https:\/\/www.instagram.com\/4wanders\/","https:\/\/www.youtube.com\/@4wanders"]}]}},"_links":{"self":[{"href":"https:\/\/4wanders.com\/en\/wp-json\/wp\/v2\/pages\/4007","targetHints":{"allow":["GET"]}}],"collection":[{"href":"https:\/\/4wanders.com\/en\/wp-json\/wp\/v2\/pages"}],"about":[{"href":"https:\/\/4wanders.com\/en\/wp-json\/wp\/v2\/types\/page"}],"author":[{"embeddable":true,"href":"https:\/\/4wanders.com\/en\/wp-json\/wp\/v2\/users\/6"}],"replies":[{"embeddable":true,"href":"https:\/\/4wanders.com\/en\/wp-json\/wp\/v2\/comments?post=4007"}],"version-history":[{"count":1,"href":"https:\/\/4wanders.com\/en\/wp-json\/wp\/v2\/pages\/4007\/revisions"}],"predecessor-version":[{"id":4008,"href":"https:\/\/4wanders.com\/en\/wp-json\/wp\/v2\/pages\/4007\/revisions\/4008"}],"wp:attachment":[{"href":"https:\/\/4wanders.com\/en\/wp-json\/wp\/v2\/media?parent=4007"}],"curies":[{"name":"wp","href":"https:\/\/api.w.org\/{rel}","templated":true}]}}