{"id":3629,"date":"2023-08-28T08:34:28","date_gmt":"2023-08-28T08:34:28","guid":{"rendered":"https:\/\/4wanders.com\/?page_id=3629"},"modified":"2023-09-07T13:45:17","modified_gmt":"2023-09-07T13:45:17","slug":"rosario-contacto","status":"publish","type":"page","link":"https:\/\/4wanders.com\/en\/rosario-contacto\/","title":{"rendered":"Contacto Rosario 4wanders"},"content":{"rendered":"<div data-elementor-type=\"wp-page\" data-elementor-id=\"3629\" class=\"elementor elementor-3629\">\n\t\t\t\t\t\t<section class=\"elementor-section elementor-top-section elementor-element elementor-element-f3a35a4 elementor-section-boxed elementor-section-height-default elementor-section-height-default\" data-id=\"f3a35a4\" data-element_type=\"section\" data-settings=\"{&quot;background_background&quot;:&quot;classic&quot;}\">\n\t\t\t\t\t\t\t<div class=\"elementor-background-overlay\"><\/div>\n\t\t\t\t\t\t\t<div class=\"elementor-container elementor-column-gap-default\">\n\t\t\t\t\t<div class=\"elementor-column elementor-col-100 elementor-top-column elementor-element elementor-element-5f7de09\" data-id=\"5f7de09\" data-element_type=\"column\">\n\t\t\t<div class=\"elementor-widget-wrap elementor-element-populated\">\n\t\t\t\t\t\t<div class=\"elementor-element elementor-element-b48efcb elementor-widget elementor-widget-image\" data-id=\"b48efcb\" data-element_type=\"widget\" data-widget_type=\"image.default\">\n\t\t\t\t<div class=\"elementor-widget-container\">\n\t\t\t<style>\/*! elementor - v3.21.0 - 26-05-2024 *\/\n.elementor-widget-image{text-align:center}.elementor-widget-image a{display:inline-block}.elementor-widget-image a img[src$=\".svg\"]{width:48px}.elementor-widget-image img{vertical-align:middle;display:inline-block}<\/style>\t\t\t\t\t\t\t\t\t\t<img fetchpriority=\"high\" decoding=\"async\" width=\"766\" height=\"148\" src=\"https:\/\/4wanders.com\/wp-content\/uploads\/2022\/09\/Logo_4W.png\" class=\"attachment-full size-full wp-image-1727\" alt=\"\" srcset=\"https:\/\/4wanders.com\/wp-content\/uploads\/2022\/09\/Logo_4W.png 766w, https:\/\/4wanders.com\/wp-content\/uploads\/2022\/09\/Logo_4W-600x116.png 600w, https:\/\/4wanders.com\/wp-content\/uploads\/2022\/09\/Logo_4W-300x58.png 300w\" sizes=\"(max-width: 766px) 100vw, 766px\" \/>\t\t\t\t\t\t\t\t\t\t\t\t\t<\/div>\n\t\t\t\t<\/div>\n\t\t\t\t<div class=\"elementor-element elementor-element-e303e09 elementor-widget elementor-widget-spacer\" data-id=\"e303e09\" data-element_type=\"widget\" data-widget_type=\"spacer.default\">\n\t\t\t\t<div class=\"elementor-widget-container\">\n\t\t\t<style>\/*! elementor - v3.21.0 - 26-05-2024 *\/\n.elementor-column .elementor-spacer-inner{height:var(--spacer-size)}.e-con{--container-widget-width:100%}.e-con-inner>.elementor-widget-spacer,.e-con>.elementor-widget-spacer{width:var(--container-widget-width,var(--spacer-size));--align-self:var(--container-widget-align-self,initial);--flex-shrink:0}.e-con-inner>.elementor-widget-spacer>.elementor-widget-container,.e-con>.elementor-widget-spacer>.elementor-widget-container{height:100%;width:100%}.e-con-inner>.elementor-widget-spacer>.elementor-widget-container>.elementor-spacer,.e-con>.elementor-widget-spacer>.elementor-widget-container>.elementor-spacer{height:100%}.e-con-inner>.elementor-widget-spacer>.elementor-widget-container>.elementor-spacer>.elementor-spacer-inner,.e-con>.elementor-widget-spacer>.elementor-widget-container>.elementor-spacer>.elementor-spacer-inner{height:var(--container-widget-height,var(--spacer-size))}.e-con-inner>.elementor-widget-spacer.elementor-widget-empty,.e-con>.elementor-widget-spacer.elementor-widget-empty{position:relative;min-height:22px;min-width:22px}.e-con-inner>.elementor-widget-spacer.elementor-widget-empty .elementor-widget-empty-icon,.e-con>.elementor-widget-spacer.elementor-widget-empty .elementor-widget-empty-icon{position:absolute;top:0;bottom:0;left:0;right:0;margin:auto;padding:0;width:22px;height:22px}<\/style>\t\t<div class=\"elementor-spacer\">\n\t\t\t<div class=\"elementor-spacer-inner\"><\/div>\n\t\t<\/div>\n\t\t\t\t<\/div>\n\t\t\t\t<\/div>\n\t\t\t\t<div class=\"elementor-element elementor-element-8ead356 elementor-widget elementor-widget-image\" data-id=\"8ead356\" data-element_type=\"widget\" data-widget_type=\"image.default\">\n\t\t\t\t<div class=\"elementor-widget-container\">\n\t\t\t\t\t\t\t\t\t\t\t\t\t<img decoding=\"async\" width=\"741\" height=\"743\" src=\"https:\/\/4wanders.com\/wp-content\/uploads\/2023\/08\/Rosario_4wanders.jpeg\" class=\"attachment-large size-large wp-image-3630\" alt=\"Rosario 4wanders\" srcset=\"https:\/\/4wanders.com\/wp-content\/uploads\/2023\/08\/Rosario_4wanders.jpeg 741w, https:\/\/4wanders.com\/wp-content\/uploads\/2023\/08\/Rosario_4wanders-300x300.jpeg 300w, https:\/\/4wanders.com\/wp-content\/uploads\/2023\/08\/Rosario_4wanders-150x150.jpeg 150w, https:\/\/4wanders.com\/wp-content\/uploads\/2023\/08\/Rosario_4wanders-12x12.jpeg 12w\" sizes=\"(max-width: 741px) 100vw, 741px\" \/>\t\t\t\t\t\t\t\t\t\t\t\t\t<\/div>\n\t\t\t\t<\/div>\n\t\t\t\t<div class=\"elementor-element elementor-element-38afb7f elementor-widget elementor-widget-heading\" data-id=\"38afb7f\" data-element_type=\"widget\" data-widget_type=\"heading.default\">\n\t\t\t\t<div class=\"elementor-widget-container\">\n\t\t\t<style>\/*! elementor - v3.21.0 - 26-05-2024 *\/\n.elementor-heading-title{padding:0;margin:0;line-height:1}.elementor-widget-heading .elementor-heading-title[class*=elementor-size-]>a{color:inherit;font-size:inherit;line-height:inherit}.elementor-widget-heading .elementor-heading-title.elementor-size-small{font-size:15px}.elementor-widget-heading .elementor-heading-title.elementor-size-medium{font-size:19px}.elementor-widget-heading .elementor-heading-title.elementor-size-large{font-size:29px}.elementor-widget-heading .elementor-heading-title.elementor-size-xl{font-size:39px}.elementor-widget-heading .elementor-heading-title.elementor-size-xxl{font-size:59px}<\/style><h2 class=\"elementor-heading-title elementor-size-default\">Rosario Sim\u00f3 Cort\u00e9s<\/h2>\t\t<\/div>\n\t\t\t\t<\/div>\n\t\t\t\t<div class=\"elementor-element elementor-element-66bd1c4 elementor-widget elementor-widget-text-editor\" data-id=\"66bd1c4\" data-element_type=\"widget\" data-widget_type=\"text-editor.default\">\n\t\t\t\t<div class=\"elementor-widget-container\">\n\t\t\t<style>\/*! elementor - v3.21.0 - 26-05-2024 *\/\n.elementor-widget-text-editor.elementor-drop-cap-view-stacked .elementor-drop-cap{background-color:#69727d;color:#fff}.elementor-widget-text-editor.elementor-drop-cap-view-framed .elementor-drop-cap{color:#69727d;border:3px solid;background-color:transparent}.elementor-widget-text-editor:not(.elementor-drop-cap-view-default) .elementor-drop-cap{margin-top:8px}.elementor-widget-text-editor:not(.elementor-drop-cap-view-default) .elementor-drop-cap-letter{width:1em;height:1em}.elementor-widget-text-editor .elementor-drop-cap{float:left;text-align:center;line-height:1;font-size:50px}.elementor-widget-text-editor .elementor-drop-cap-letter{display:inline-block}<\/style>\t\t\t\t<div class=\"black-text-light lh-120\">Retreats Manager<\/div><div class=\"black-text-light text-italic\">4wanders<\/div>\t\t\t\t\t\t<\/div>\n\t\t\t\t<\/div>\n\t\t\t\t<div class=\"elementor-element elementor-element-8e34652 elementor-align-justify elementor-widget elementor-widget-button\" data-id=\"8e34652\" data-element_type=\"widget\" data-widget_type=\"button.default\">\n\t\t\t\t<div class=\"elementor-widget-container\">\n\t\t\t\t\t<div class=\"elementor-button-wrapper\">\n\t\t\t<a class=\"elementor-button elementor-button-link elementor-size-sm\" href=\"https:\/\/wa.me\/34633769212\">\n\t\t\t\t\t\t<span class=\"elementor-button-content-wrapper\">\n\t\t\t\t\t\t<span class=\"elementor-button-icon elementor-align-icon-left\">\n\t\t\t\t<i aria-hidden=\"true\" class=\"fab fa-whatsapp\"><\/i>\t\t\t<\/span>\n\t\t\t\t\t\t\t\t\t<span class=\"elementor-button-text\">Contact me<\/span>\n\t\t\t\t\t<\/span>\n\t\t\t\t\t<\/a>\n\t\t<\/div>\n\t\t\t\t<\/div>\n\t\t\t\t<\/div>\n\t\t\t\t<div class=\"elementor-element elementor-element-623e78f elementor-align-justify elementor-widget elementor-widget-button\" data-id=\"623e78f\" data-element_type=\"widget\" data-widget_type=\"button.default\">\n\t\t\t\t<div class=\"elementor-widget-container\">\n\t\t\t\t\t<div class=\"elementor-button-wrapper\">\n\t\t\t<a class=\"elementor-button elementor-button-link elementor-size-sm\" href=\"mailto:rosario@4wanders.com\">\n\t\t\t\t\t\t<span class=\"elementor-button-content-wrapper\">\n\t\t\t\t\t\t<span class=\"elementor-button-icon elementor-align-icon-left\">\n\t\t\t\t<i aria-hidden=\"true\" class=\"far fa-envelope\"><\/i>\t\t\t<\/span>\n\t\t\t\t\t\t\t\t\t<span class=\"elementor-button-text\">rosario@4wanders.com<\/span>\n\t\t\t\t\t<\/span>\n\t\t\t\t\t<\/a>\n\t\t<\/div>\n\t\t\t\t<\/div>\n\t\t\t\t<\/div>\n\t\t\t\t<div class=\"elementor-element elementor-element-8569b5e elementor-align-justify elementor-widget elementor-widget-button\" data-id=\"8569b5e\" data-element_type=\"widget\" data-widget_type=\"button.default\">\n\t\t\t\t<div class=\"elementor-widget-container\">\n\t\t\t\t\t<div class=\"elementor-button-wrapper\">\n\t\t\t<a class=\"elementor-button elementor-button-link elementor-size-sm\" href=\"https:\/\/www.linkedin.com\/in\/rosario-sim%C3%B3-cort%C3%A9s-7b1bba67\/\">\n\t\t\t\t\t\t<span class=\"elementor-button-content-wrapper\">\n\t\t\t\t\t\t<span class=\"elementor-button-icon elementor-align-icon-left\">\n\t\t\t\t<i aria-hidden=\"true\" class=\"fab fa-linkedin-in\"><\/i>\t\t\t<\/span>\n\t\t\t\t\t\t\t\t\t<span class=\"elementor-button-text\">Rosario Sim\u00f3 Cort\u00e9s<\/span>\n\t\t\t\t\t<\/span>\n\t\t\t\t\t<\/a>\n\t\t<\/div>\n\t\t\t\t<\/div>\n\t\t\t\t<\/div>\n\t\t\t\t<div class=\"elementor-element elementor-element-3766bbe elementor-align-justify elementor-widget elementor-widget-button\" data-id=\"3766bbe\" data-element_type=\"widget\" data-widget_type=\"button.default\">\n\t\t\t\t<div class=\"elementor-widget-container\">\n\t\t\t\t\t<div class=\"elementor-button-wrapper\">\n\t\t\t<a class=\"elementor-button elementor-button-link elementor-size-sm\" href=\"https:\/\/4wanders.com\/en\/retreats\/\">\n\t\t\t\t\t\t<span class=\"elementor-button-content-wrapper\">\n\t\t\t\t\t\t<span class=\"elementor-button-icon elementor-align-icon-left\">\n\t\t\t\t<i aria-hidden=\"true\" class=\"fas fa-laptop\"><\/i>\t\t\t<\/span>\n\t\t\t\t\t\t\t\t\t<span class=\"elementor-button-text\">4wanders retreats<\/span>\n\t\t\t\t\t<\/span>\n\t\t\t\t\t<\/a>\n\t\t<\/div>\n\t\t\t\t<\/div>\n\t\t\t\t<\/div>\n\t\t\t\t<div class=\"elementor-element elementor-element-3c11978 elementor-align-justify elementor-widget elementor-widget-button\" data-id=\"3c11978\" data-element_type=\"widget\" data-widget_type=\"button.default\">\n\t\t\t\t<div class=\"elementor-widget-container\">\n\t\t\t\t\t<div class=\"elementor-button-wrapper\">\n\t\t\t<a class=\"elementor-button elementor-button-link elementor-size-sm\" href=\"https:\/\/www.instagram.com\/4wanders\/\">\n\t\t\t\t\t\t<span class=\"elementor-button-content-wrapper\">\n\t\t\t\t\t\t<span class=\"elementor-button-icon elementor-align-icon-left\">\n\t\t\t\t<i aria-hidden=\"true\" class=\"fab fa-instagram\"><\/i>\t\t\t<\/span>\n\t\t\t\t\t\t\t\t\t<span class=\"elementor-button-text\">@4wanders<\/span>\n\t\t\t\t\t<\/span>\n\t\t\t\t\t<\/a>\n\t\t<\/div>\n\t\t\t\t<\/div>\n\t\t\t\t<\/div>\n\t\t\t\t<div class=\"elementor-element elementor-element-be2cdb6 elementor-widget elementor-widget-image\" data-id=\"be2cdb6\" data-element_type=\"widget\" data-widget_type=\"image.default\">\n\t\t\t\t<div class=\"elementor-widget-container\">\n\t\t\t\t\t\t\t\t\t\t\t\t\t<img decoding=\"async\" width=\"300\" height=\"300\" src=\"https:\/\/4wanders.com\/wp-content\/uploads\/2023\/09\/frame.png\" class=\"attachment-large size-large wp-image-3647\" alt=\"QR\" srcset=\"https:\/\/4wanders.com\/wp-content\/uploads\/2023\/09\/frame.png 300w, https:\/\/4wanders.com\/wp-content\/uploads\/2023\/09\/frame-150x150.png 150w, https:\/\/4wanders.com\/wp-content\/uploads\/2023\/09\/frame-12x12.png 12w\" sizes=\"(max-width: 300px) 100vw, 300px\" \/>\t\t\t\t\t\t\t\t\t\t\t\t\t<\/div>\n\t\t\t\t<\/div>\n\t\t\t\t<div class=\"elementor-element elementor-element-a9b265f elementor-widget elementor-widget-text-editor\" data-id=\"a9b265f\" data-element_type=\"widget\" data-widget_type=\"text-editor.default\">\n\t\t\t\t<div class=\"elementor-widget-container\">\n\t\t\t\t\t\t\t<div class=\"black-text-light lh-120\">SCAN TO VIEW THIS PAGE<\/div>\t\t\t\t\t\t<\/div>\n\t\t\t\t<\/div>\n\t\t\t\t\t<\/div>\n\t\t<\/div>\n\t\t\t\t\t<\/div>\n\t\t<\/section>\n\t\t\t\t<\/div>","protected":false},"excerpt":{"rendered":"<p>Rosario Sim\u00f3 Cort\u00e9s Retreats Manager4wanders Contact me rosario@4wanders.com Rosario Sim\u00f3 Cort\u00e9s 4wanders retreats @4wanders SCAN TO VIEW THIS PAGE<\/p>","protected":false},"author":1,"featured_media":3630,"parent":0,"menu_order":0,"comment_status":"closed","ping_status":"closed","template":"elementor_canvas","meta":{"footnotes":""},"class_list":["post-3629","page","type-page","status-publish","has-post-thumbnail","hentry"],"yoast_head":"<!-- This site is optimized with the Yoast SEO plugin v21.5 - https:\/\/yoast.com\/wordpress\/plugins\/seo\/ -->\n<title>Contacto Rosario 4wanders - 4wanders Coliving &amp; Retreats<\/title>\n<meta name=\"description\" content=\"Contacta con Rosario Sim\u00f3 Cort\u00e9s para organizar el retreat de tu empresa en Espa\u00f1a.\" \/>\n<meta name=\"robots\" content=\"index, follow, max-snippet:-1, max-image-preview:large, max-video-preview:-1\" \/>\n<link rel=\"canonical\" href=\"https:\/\/4wanders.com\/en\/rosario-contacto\/\" \/>\n<meta property=\"og:locale\" content=\"en_GB\" \/>\n<meta property=\"og:type\" content=\"article\" \/>\n<meta property=\"og:title\" content=\"Contacto Rosario 4wanders - 4wanders Coliving &amp; Retreats\" \/>\n<meta property=\"og:description\" content=\"Contacta con Rosario Sim\u00f3 Cort\u00e9s para organizar el retreat de tu empresa en Espa\u00f1a.\" \/>\n<meta property=\"og:url\" content=\"https:\/\/4wanders.com\/en\/rosario-contacto\/\" \/>\n<meta property=\"og:site_name\" content=\"4wanders\" \/>\n<meta property=\"article:publisher\" content=\"https:\/\/www.facebook.com\/colivingvalencia\/\" \/>\n<meta property=\"article:modified_time\" content=\"2023-09-07T13:45:17+00:00\" \/>\n<meta property=\"og:image\" content=\"https:\/\/4wanders.com\/wp-content\/uploads\/2023\/08\/Rosario_4wanders.jpeg\" \/>\n\t<meta property=\"og:image:width\" content=\"741\" \/>\n\t<meta property=\"og:image:height\" content=\"743\" \/>\n\t<meta property=\"og:image:type\" content=\"image\/jpeg\" \/>\n<meta name=\"twitter:card\" content=\"summary_large_image\" \/>\n<meta name=\"twitter:label1\" content=\"Estimated reading time\" \/>\n\t<meta name=\"twitter:data1\" content=\"1 minute\" \/>\n<script type=\"application\/ld+json\" class=\"yoast-schema-graph\">{\"@context\":\"https:\/\/schema.org\",\"@graph\":[{\"@type\":\"WebPage\",\"@id\":\"https:\/\/4wanders.com\/rosario-contacto\/\",\"url\":\"https:\/\/4wanders.com\/rosario-contacto\/\",\"name\":\"Contacto Rosario 4wanders - 4wanders Coliving & Retreats\",\"isPartOf\":{\"@id\":\"https:\/\/4wanders.com\/#website\"},\"datePublished\":\"2023-08-28T08:34:28+00:00\",\"dateModified\":\"2023-09-07T13:45:17+00:00\",\"description\":\"Contacta con Rosario Sim\u00f3 Cort\u00e9s para organizar el retreat de tu empresa en Espa\u00f1a.\",\"breadcrumb\":{\"@id\":\"https:\/\/4wanders.com\/rosario-contacto\/#breadcrumb\"},\"inLanguage\":\"en-GB\",\"potentialAction\":[{\"@type\":\"ReadAction\",\"target\":[\"https:\/\/4wanders.com\/rosario-contacto\/\"]}]},{\"@type\":\"BreadcrumbList\",\"@id\":\"https:\/\/4wanders.com\/rosario-contacto\/#breadcrumb\",\"itemListElement\":[{\"@type\":\"ListItem\",\"position\":1,\"name\":\"Portada\",\"item\":\"https:\/\/4wanders.com\/\"},{\"@type\":\"ListItem\",\"position\":2,\"name\":\"Contacto Rosario 4wanders\"}]},{\"@type\":\"WebSite\",\"@id\":\"https:\/\/4wanders.com\/#website\",\"url\":\"https:\/\/4wanders.com\/\",\"name\":\"4wanders\",\"description\":\"Coliving &amp; Retreats in Spain\",\"publisher\":{\"@id\":\"https:\/\/4wanders.com\/#organization\"},\"potentialAction\":[{\"@type\":\"SearchAction\",\"target\":{\"@type\":\"EntryPoint\",\"urlTemplate\":\"https:\/\/4wanders.com\/?s={search_term_string}\"},\"query-input\":\"required name=search_term_string\"}],\"inLanguage\":\"en-GB\"},{\"@type\":\"Organization\",\"@id\":\"https:\/\/4wanders.com\/#organization\",\"name\":\"4wanders\",\"url\":\"https:\/\/4wanders.com\/\",\"logo\":{\"@type\":\"ImageObject\",\"inLanguage\":\"en-GB\",\"@id\":\"https:\/\/4wanders.com\/#\/schema\/logo\/image\/\",\"url\":\"https:\/\/4wanders.com\/wp-content\/uploads\/2023\/02\/Instagram-post-5.png\",\"contentUrl\":\"https:\/\/4wanders.com\/wp-content\/uploads\/2023\/02\/Instagram-post-5.png\",\"width\":1080,\"height\":1080,\"caption\":\"4wanders\"},\"image\":{\"@id\":\"https:\/\/4wanders.com\/#\/schema\/logo\/image\/\"},\"sameAs\":[\"https:\/\/www.facebook.com\/colivingvalencia\/\",\"https:\/\/www.instagram.com\/4wanders\/\",\"https:\/\/www.youtube.com\/@4wanders\"]}]}<\/script>\n<!-- \/ Yoast SEO plugin. -->","yoast_head_json":{"title":"Contacto Rosario 4wanders - 4wanders Coliving & Retreats","description":"Contacta con Rosario Sim\u00f3 Cort\u00e9s para organizar el retreat de tu empresa en Espa\u00f1a.","robots":{"index":"index","follow":"follow","max-snippet":"max-snippet:-1","max-image-preview":"max-image-preview:large","max-video-preview":"max-video-preview:-1"},"canonical":"https:\/\/4wanders.com\/en\/rosario-contacto\/","og_locale":"en_GB","og_type":"article","og_title":"Contacto Rosario 4wanders - 4wanders Coliving & Retreats","og_description":"Contacta con Rosario Sim\u00f3 Cort\u00e9s para organizar el retreat de tu empresa en Espa\u00f1a.","og_url":"https:\/\/4wanders.com\/en\/rosario-contacto\/","og_site_name":"4wanders","article_publisher":"https:\/\/www.facebook.com\/colivingvalencia\/","article_modified_time":"2023-09-07T13:45:17+00:00","og_image":[{"width":741,"height":743,"url":"https:\/\/4wanders.com\/wp-content\/uploads\/2023\/08\/Rosario_4wanders.jpeg","type":"image\/jpeg"}],"twitter_card":"summary_large_image","twitter_misc":{"Estimated reading time":"1 minute"},"schema":{"@context":"https:\/\/schema.org","@graph":[{"@type":"WebPage","@id":"https:\/\/4wanders.com\/rosario-contacto\/","url":"https:\/\/4wanders.com\/rosario-contacto\/","name":"Contacto Rosario 4wanders - 4wanders Coliving & Retreats","isPartOf":{"@id":"https:\/\/4wanders.com\/#website"},"datePublished":"2023-08-28T08:34:28+00:00","dateModified":"2023-09-07T13:45:17+00:00","description":"Contacta con Rosario Sim\u00f3 Cort\u00e9s para organizar el retreat de tu empresa en Espa\u00f1a.","breadcrumb":{"@id":"https:\/\/4wanders.com\/rosario-contacto\/#breadcrumb"},"inLanguage":"en-GB","potentialAction":[{"@type":"ReadAction","target":["https:\/\/4wanders.com\/rosario-contacto\/"]}]},{"@type":"BreadcrumbList","@id":"https:\/\/4wanders.com\/rosario-contacto\/#breadcrumb","itemListElement":[{"@type":"ListItem","position":1,"name":"Portada","item":"https:\/\/4wanders.com\/"},{"@type":"ListItem","position":2,"name":"Contacto Rosario 4wanders"}]},{"@type":"WebSite","@id":"https:\/\/4wanders.com\/#website","url":"https:\/\/4wanders.com\/","name":"4wanders","description":"Coliving &amp; Retreats in Spain","publisher":{"@id":"https:\/\/4wanders.com\/#organization"},"potentialAction":[{"@type":"SearchAction","target":{"@type":"EntryPoint","urlTemplate":"https:\/\/4wanders.com\/?s={search_term_string}"},"query-input":"required name=search_term_string"}],"inLanguage":"en-GB"},{"@type":"Organization","@id":"https:\/\/4wanders.com\/#organization","name":"4wanders","url":"https:\/\/4wanders.com\/","logo":{"@type":"ImageObject","inLanguage":"en-GB","@id":"https:\/\/4wanders.com\/#\/schema\/logo\/image\/","url":"https:\/\/4wanders.com\/wp-content\/uploads\/2023\/02\/Instagram-post-5.png","contentUrl":"https:\/\/4wanders.com\/wp-content\/uploads\/2023\/02\/Instagram-post-5.png","width":1080,"height":1080,"caption":"4wanders"},"image":{"@id":"https:\/\/4wanders.com\/#\/schema\/logo\/image\/"},"sameAs":["https:\/\/www.facebook.com\/colivingvalencia\/","https:\/\/www.instagram.com\/4wanders\/","https:\/\/www.youtube.com\/@4wanders"]}]}},"_links":{"self":[{"href":"https:\/\/4wanders.com\/en\/wp-json\/wp\/v2\/pages\/3629","targetHints":{"allow":["GET"]}}],"collection":[{"href":"https:\/\/4wanders.com\/en\/wp-json\/wp\/v2\/pages"}],"about":[{"href":"https:\/\/4wanders.com\/en\/wp-json\/wp\/v2\/types\/page"}],"author":[{"embeddable":true,"href":"https:\/\/4wanders.com\/en\/wp-json\/wp\/v2\/users\/1"}],"replies":[{"embeddable":true,"href":"https:\/\/4wanders.com\/en\/wp-json\/wp\/v2\/comments?post=3629"}],"version-history":[{"count":13,"href":"https:\/\/4wanders.com\/en\/wp-json\/wp\/v2\/pages\/3629\/revisions"}],"predecessor-version":[{"id":3653,"href":"https:\/\/4wanders.com\/en\/wp-json\/wp\/v2\/pages\/3629\/revisions\/3653"}],"wp:featuredmedia":[{"embeddable":true,"href":"https:\/\/4wanders.com\/en\/wp-json\/wp\/v2\/media\/3630"}],"wp:attachment":[{"href":"https:\/\/4wanders.com\/en\/wp-json\/wp\/v2\/media?parent=3629"}],"curies":[{"name":"wp","href":"https:\/\/api.w.org\/{rel}","templated":true}]}}