{"id":1296,"date":"2022-12-05T22:19:59","date_gmt":"2022-12-05T22:19:59","guid":{"rendered":"https:\/\/4wanders.com\/?page_id=1296"},"modified":"2024-01-12T09:35:21","modified_gmt":"2024-01-12T09:35:21","slug":"equipo","status":"publish","type":"page","link":"https:\/\/4wanders.com\/en\/equipo\/","title":{"rendered":"Equipo 4wanders"},"content":{"rendered":"<div data-elementor-type=\"wp-page\" data-elementor-id=\"1296\" class=\"elementor elementor-1296\">\n\t\t\t\t\t\t<section class=\"elementor-section elementor-top-section elementor-element elementor-element-7eaca5b elementor-section-content-middle elementor-section-boxed elementor-section-height-default elementor-section-height-default\" data-id=\"7eaca5b\" data-element_type=\"section\" data-settings=\"{&quot;background_background&quot;:&quot;classic&quot;}\">\n\t\t\t\t\t\t<div class=\"elementor-container elementor-column-gap-no\">\n\t\t\t\t\t<div class=\"elementor-column elementor-col-50 elementor-top-column elementor-element elementor-element-80e353e\" data-id=\"80e353e\" data-element_type=\"column\">\n\t\t\t<div class=\"elementor-widget-wrap elementor-element-populated\">\n\t\t\t\t\t\t<div class=\"elementor-element elementor-element-d58fbc4 elementor-widget elementor-widget-heading\" data-id=\"d58fbc4\" data-element_type=\"widget\" data-widget_type=\"heading.default\">\n\t\t\t\t<div class=\"elementor-widget-container\">\n\t\t\t<style>\/*! elementor - v3.21.0 - 26-05-2024 *\/\n.elementor-heading-title{padding:0;margin:0;line-height:1}.elementor-widget-heading .elementor-heading-title[class*=elementor-size-]>a{color:inherit;font-size:inherit;line-height:inherit}.elementor-widget-heading .elementor-heading-title.elementor-size-small{font-size:15px}.elementor-widget-heading .elementor-heading-title.elementor-size-medium{font-size:19px}.elementor-widget-heading .elementor-heading-title.elementor-size-large{font-size:29px}.elementor-widget-heading .elementor-heading-title.elementor-size-xl{font-size:39px}.elementor-widget-heading .elementor-heading-title.elementor-size-xxl{font-size:59px}<\/style><h3 class=\"elementor-heading-title elementor-size-default\">Meet the team behind 4wanders<\/h3>\t\t<\/div>\n\t\t\t\t<\/div>\n\t\t\t\t<div class=\"elementor-element elementor-element-8aaab3b elementor-widget elementor-widget-heading\" data-id=\"8aaab3b\" data-element_type=\"widget\" data-widget_type=\"heading.default\">\n\t\t\t\t<div class=\"elementor-widget-container\">\n\t\t\t<h2 class=\"elementor-heading-title elementor-size-default\">Meet Maira &amp; Weronika, who will accompany you on this new journey.<\/h2>\t\t<\/div>\n\t\t\t\t<\/div>\n\t\t\t\t\t<\/div>\n\t\t<\/div>\n\t\t\t\t<div class=\"elementor-column elementor-col-50 elementor-top-column elementor-element elementor-element-ee6ae22\" data-id=\"ee6ae22\" data-element_type=\"column\">\n\t\t\t<div class=\"elementor-widget-wrap elementor-element-populated\">\n\t\t\t\t\t\t<div class=\"elementor-element elementor-element-9540781 galeria-borde-azul elementor-widget elementor-widget-image\" data-id=\"9540781\" data-element_type=\"widget\" data-widget_type=\"image.default\">\n\t\t\t\t<div class=\"elementor-widget-container\">\n\t\t\t<style>\/*! elementor - v3.21.0 - 26-05-2024 *\/\n.elementor-widget-image{text-align:center}.elementor-widget-image a{display:inline-block}.elementor-widget-image a img[src$=\".svg\"]{width:48px}.elementor-widget-image img{vertical-align:middle;display:inline-block}<\/style>\t\t\t\t\t\t\t\t\t\t<img fetchpriority=\"high\" decoding=\"async\" width=\"2000\" height=\"1333\" src=\"https:\/\/4wanders.com\/wp-content\/uploads\/2022\/11\/Equipo-4wanders-1-1.jpg\" class=\"attachment-full size-full wp-image-1195\" alt=\"\" srcset=\"https:\/\/4wanders.com\/wp-content\/uploads\/2022\/11\/Equipo-4wanders-1-1.jpg 2000w, https:\/\/4wanders.com\/wp-content\/uploads\/2022\/11\/Equipo-4wanders-1-1-600x400.jpg 600w, https:\/\/4wanders.com\/wp-content\/uploads\/2022\/11\/Equipo-4wanders-1-1-300x200.jpg 300w, https:\/\/4wanders.com\/wp-content\/uploads\/2022\/11\/Equipo-4wanders-1-1-1024x682.jpg 1024w, https:\/\/4wanders.com\/wp-content\/uploads\/2022\/11\/Equipo-4wanders-1-1-768x512.jpg 768w, https:\/\/4wanders.com\/wp-content\/uploads\/2022\/11\/Equipo-4wanders-1-1-1536x1024.jpg 1536w\" sizes=\"(max-width: 2000px) 100vw, 2000px\" \/>\t\t\t\t\t\t\t\t\t\t\t\t\t<\/div>\n\t\t\t\t<\/div>\n\t\t\t\t<div class=\"elementor-element elementor-element-3567329 elementor-widget elementor-widget-text-editor\" data-id=\"3567329\" data-element_type=\"widget\" data-widget_type=\"text-editor.default\">\n\t\t\t\t<div class=\"elementor-widget-container\">\n\t\t\t<style>\/*! elementor - v3.21.0 - 26-05-2024 *\/\n.elementor-widget-text-editor.elementor-drop-cap-view-stacked .elementor-drop-cap{background-color:#69727d;color:#fff}.elementor-widget-text-editor.elementor-drop-cap-view-framed .elementor-drop-cap{color:#69727d;border:3px solid;background-color:transparent}.elementor-widget-text-editor:not(.elementor-drop-cap-view-default) .elementor-drop-cap{margin-top:8px}.elementor-widget-text-editor:not(.elementor-drop-cap-view-default) .elementor-drop-cap-letter{width:1em;height:1em}.elementor-widget-text-editor .elementor-drop-cap{float:left;text-align:center;line-height:1;font-size:50px}.elementor-widget-text-editor .elementor-drop-cap-letter{display:inline-block}<\/style>\t\t\t\t<p>Weronika, <em>Customer Support<\/em> y Maira, <em>Manager<\/em><\/p>\t\t\t\t\t\t<\/div>\n\t\t\t\t<\/div>\n\t\t\t\t\t<\/div>\n\t\t<\/div>\n\t\t\t\t\t<\/div>\n\t\t<\/section>\n\t\t\t\t<section class=\"elementor-section elementor-top-section elementor-element elementor-element-4a1ef4e elementor-section-content-middle elementor-section-boxed elementor-section-height-default elementor-section-height-default\" data-id=\"4a1ef4e\" data-element_type=\"section\" data-settings=\"{&quot;background_background&quot;:&quot;classic&quot;}\">\n\t\t\t\t\t\t<div class=\"elementor-container elementor-column-gap-wider\">\n\t\t\t\t\t<div class=\"elementor-column elementor-col-50 elementor-top-column elementor-element elementor-element-cc5b1c2\" data-id=\"cc5b1c2\" data-element_type=\"column\">\n\t\t\t<div class=\"elementor-widget-wrap elementor-element-populated\">\n\t\t\t\t\t\t<div class=\"elementor-element elementor-element-542201a elementor-widget elementor-widget-heading\" data-id=\"542201a\" data-element_type=\"widget\" data-widget_type=\"heading.default\">\n\t\t\t\t<div class=\"elementor-widget-container\">\n\t\t\t<h3 class=\"elementor-heading-title elementor-size-default\">Hi, I'm Maira <img decoding=\"async\" draggable=\"false\" role=\"img\" class=\"emoji\" alt=\"\ud83d\udc4b\" src=\"https:\/\/s.w.org\/images\/core\/emoji\/14.0.0\/svg\/1f44b.svg\"><\/h3>\t\t<\/div>\n\t\t\t\t<\/div>\n\t\t\t\t<div class=\"elementor-element elementor-element-7823184 elementor-widget elementor-widget-text-editor\" data-id=\"7823184\" data-element_type=\"widget\" data-widget_type=\"text-editor.default\">\n\t\t\t\t<div class=\"elementor-widget-container\">\n\t\t\t\t\t\t\t<p>Tal y como t\u00fa, he estado viajando y trabajando en remoto durante un tiempo. He visitado y probando diferentes espacios de <em>coworking<\/em> and <em>coliving<\/em>, y por eso entiendo tus necesidades.<\/p><p>Now, I\u2019m settled in Valencia because I love the weather, the food, and the diversity. What also makes me very happy here is when foreign friends or members of the 4Wanders community ask for recommendations of restaurants and activities in the city. That\u2019s how I get to feel like a local citizen.<\/p><p>I like helping people have positive experiences during their stay and making them want to come back. There are a lot of places to discover and I continue to be surprised at how beautiful Spain is. I manage the 4Wanders project globally and I\u2019d love to get to know you and hear from you, even better with a nice coffee in between. In my case, I was born and raised in the beautiful tropical Brazil.<\/p>\t\t\t\t\t\t<\/div>\n\t\t\t\t<\/div>\n\t\t\t\t\t<\/div>\n\t\t<\/div>\n\t\t\t\t<div class=\"elementor-column elementor-col-50 elementor-top-column elementor-element elementor-element-09e2937\" data-id=\"09e2937\" data-element_type=\"column\">\n\t\t\t<div class=\"elementor-widget-wrap elementor-element-populated\">\n\t\t\t\t\t\t<div class=\"elementor-element elementor-element-92a7517 galeria-borde-azul elementor-invisible elementor-widget elementor-widget-image\" data-id=\"92a7517\" data-element_type=\"widget\" data-settings=\"{&quot;_animation&quot;:&quot;fadeInRight&quot;}\" data-widget_type=\"image.default\">\n\t\t\t\t<div class=\"elementor-widget-container\">\n\t\t\t\t\t\t\t\t\t\t\t\t\t<img decoding=\"async\" width=\"2000\" height=\"1333\" src=\"https:\/\/4wanders.com\/wp-content\/uploads\/2022\/12\/MG_7370-1.jpg\" class=\"attachment-full size-full wp-image-1501\" alt=\"\" srcset=\"https:\/\/4wanders.com\/wp-content\/uploads\/2022\/12\/MG_7370-1.jpg 2000w, https:\/\/4wanders.com\/wp-content\/uploads\/2022\/12\/MG_7370-1-600x400.jpg 600w, https:\/\/4wanders.com\/wp-content\/uploads\/2022\/12\/MG_7370-1-300x200.jpg 300w, https:\/\/4wanders.com\/wp-content\/uploads\/2022\/12\/MG_7370-1-1024x682.jpg 1024w, https:\/\/4wanders.com\/wp-content\/uploads\/2022\/12\/MG_7370-1-768x512.jpg 768w, https:\/\/4wanders.com\/wp-content\/uploads\/2022\/12\/MG_7370-1-1536x1024.jpg 1536w\" sizes=\"(max-width: 2000px) 100vw, 2000px\" \/>\t\t\t\t\t\t\t\t\t\t\t\t\t<\/div>\n\t\t\t\t<\/div>\n\t\t\t\t<div class=\"elementor-element elementor-element-e483ecf elementor-widget elementor-widget-text-editor\" data-id=\"e483ecf\" data-element_type=\"widget\" data-widget_type=\"text-editor.default\">\n\t\t\t\t<div class=\"elementor-widget-container\">\n\t\t\t\t\t\t\t<p>Maira, Manager<\/p>\t\t\t\t\t\t<\/div>\n\t\t\t\t<\/div>\n\t\t\t\t\t<\/div>\n\t\t<\/div>\n\t\t\t\t\t<\/div>\n\t\t<\/section>\n\t\t\t\t<section class=\"elementor-section elementor-top-section elementor-element elementor-element-0398a15 elementor-section-content-middle elementor-section-boxed elementor-section-height-default elementor-section-height-default\" data-id=\"0398a15\" data-element_type=\"section\" data-settings=\"{&quot;background_background&quot;:&quot;classic&quot;}\">\n\t\t\t\t\t\t<div class=\"elementor-container elementor-column-gap-wider\">\n\t\t\t\t\t<div class=\"elementor-column elementor-col-50 elementor-top-column elementor-element elementor-element-99aa23e\" data-id=\"99aa23e\" data-element_type=\"column\">\n\t\t\t<div class=\"elementor-widget-wrap elementor-element-populated\">\n\t\t\t\t\t\t<div class=\"elementor-element elementor-element-e2182e9 galeria-borde-rojo elementor-invisible elementor-widget elementor-widget-image\" data-id=\"e2182e9\" data-element_type=\"widget\" data-settings=\"{&quot;_animation&quot;:&quot;fadeInLeft&quot;}\" data-widget_type=\"image.default\">\n\t\t\t\t<div class=\"elementor-widget-container\">\n\t\t\t\t\t\t\t\t\t\t\t\t\t<img decoding=\"async\" width=\"2000\" height=\"1333\" src=\"https:\/\/4wanders.com\/wp-content\/uploads\/2022\/12\/MG_7381-1.jpg\" class=\"attachment-full size-full wp-image-1483\" alt=\"\" srcset=\"https:\/\/4wanders.com\/wp-content\/uploads\/2022\/12\/MG_7381-1.jpg 2000w, https:\/\/4wanders.com\/wp-content\/uploads\/2022\/12\/MG_7381-1-600x400.jpg 600w, https:\/\/4wanders.com\/wp-content\/uploads\/2022\/12\/MG_7381-1-300x200.jpg 300w, https:\/\/4wanders.com\/wp-content\/uploads\/2022\/12\/MG_7381-1-1024x682.jpg 1024w, https:\/\/4wanders.com\/wp-content\/uploads\/2022\/12\/MG_7381-1-768x512.jpg 768w, https:\/\/4wanders.com\/wp-content\/uploads\/2022\/12\/MG_7381-1-1536x1024.jpg 1536w\" sizes=\"(max-width: 2000px) 100vw, 2000px\" \/>\t\t\t\t\t\t\t\t\t\t\t\t\t<\/div>\n\t\t\t\t<\/div>\n\t\t\t\t<div class=\"elementor-element elementor-element-5cb6544 elementor-widget elementor-widget-text-editor\" data-id=\"5cb6544\" data-element_type=\"widget\" data-widget_type=\"text-editor.default\">\n\t\t\t\t<div class=\"elementor-widget-container\">\n\t\t\t\t\t\t\t<p>Weronika, Customer Support<\/p>\t\t\t\t\t\t<\/div>\n\t\t\t\t<\/div>\n\t\t\t\t\t<\/div>\n\t\t<\/div>\n\t\t\t\t<div class=\"elementor-column elementor-col-50 elementor-top-column elementor-element elementor-element-5886389\" data-id=\"5886389\" data-element_type=\"column\">\n\t\t\t<div class=\"elementor-widget-wrap elementor-element-populated\">\n\t\t\t\t\t\t<div class=\"elementor-element elementor-element-59894a0 elementor-widget elementor-widget-heading\" data-id=\"59894a0\" data-element_type=\"widget\" data-widget_type=\"heading.default\">\n\t\t\t\t<div class=\"elementor-widget-container\">\n\t\t\t<h3 class=\"elementor-heading-title elementor-size-default\">Hi, I'm Weronika <img decoding=\"async\" draggable=\"false\" role=\"img\" class=\"emoji\" alt=\"\ud83d\udc4b\" src=\"https:\/\/s.w.org\/images\/core\/emoji\/14.0.0\/svg\/1f44b.svg\"><\/h3>\t\t<\/div>\n\t\t\t\t<\/div>\n\t\t\t\t<div class=\"elementor-element elementor-element-3677a06 elementor-widget elementor-widget-text-editor\" data-id=\"3677a06\" data-element_type=\"widget\" data-widget_type=\"text-editor.default\">\n\t\t\t\t<div class=\"elementor-widget-container\">\n\t\t\t\t\t\t\t<p>Hi! I\u2019m Weronika and I come from Poland, more specifically, from the beautiful port city of Gda\u0144sk, on the Baltic Sea coast. I\u2019ve been traveling, working, and living abroad for more than ten years, so I understand very well how it feels to arrive alone in a new country.<\/p><p>Although it\u2019s usually the beginning of a life adventure, sometimes, you also have to face a few challenges. Therefore, when I heard about the 4wanders project, I knew from the start that it was the perfect place for me; and indeed it was and still is! I\u2019m in love with the fact that I can get to know people from different places in the world, exchange experiences and knowledge and, keep learning about new things every day.<\/p><p>Soy la responsable de la atenci\u00f3n y soporte al cliente y te ayudar\u00e9 a instalarte en Valencia con facilidad. Puedes contar conmigo antes, durante y despu\u00e9s de tu estancia para cualquier tema relacionado con el proceso de reserva, pagos, facturas, fianza, informaci\u00f3n sobre <em>coliving<\/em>, consejos de viaje, recomendaciones sobre tu estancia, y mucho m\u00e1s. \u00a1Bienvenid@ a la comunidad de 4Wanders!<\/p>\t\t\t\t\t\t<\/div>\n\t\t\t\t<\/div>\n\t\t\t\t\t<\/div>\n\t\t<\/div>\n\t\t\t\t\t<\/div>\n\t\t<\/section>\n\t\t\t\t<\/div>","protected":false},"excerpt":{"rendered":"<p>Conoce a qui\u00e9nes hacen posible 4wanders Conoce a Maira &amp; Weronika, quienes te acompa\u00f1ar\u00e1n en este nuevo camino. Weronika, Customer Support y Maira, Manager Hola, soy Maira Tal y como t\u00fa, he estado viajando y trabajando en remoto durante un tiempo. He visitado y probando diferentes espacios de coworking y coliving, y por eso entiendo [&hellip;]<\/p>","protected":false},"author":1,"featured_media":0,"parent":0,"menu_order":0,"comment_status":"closed","ping_status":"closed","template":"","meta":{"footnotes":""},"class_list":["post-1296","page","type-page","status-publish","hentry"],"yoast_head":"<!-- This site is optimized with the Yoast SEO plugin v21.5 - https:\/\/yoast.com\/wordpress\/plugins\/seo\/ -->\n<title>Equipo 4wanders - 4wanders Coliving &amp; Retreats<\/title>\n<meta name=\"robots\" content=\"index, follow, max-snippet:-1, max-image-preview:large, max-video-preview:-1\" \/>\n<link rel=\"canonical\" href=\"https:\/\/4wanders.com\/en\/equipo\/\" \/>\n<meta property=\"og:locale\" content=\"en_GB\" \/>\n<meta property=\"og:type\" content=\"article\" \/>\n<meta property=\"og:title\" content=\"Equipo 4wanders - 4wanders Coliving &amp; Retreats\" \/>\n<meta property=\"og:description\" content=\"Conoce a qui\u00e9nes hacen posible 4wanders Conoce a Maira &amp; Weronika, quienes te acompa\u00f1ar\u00e1n en este nuevo camino. Weronika, Customer Support y Maira, Manager Hola, soy Maira Tal y como t\u00fa, he estado viajando y trabajando en remoto durante un tiempo. He visitado y probando diferentes espacios de coworking y coliving, y por eso entiendo [&hellip;]\" \/>\n<meta property=\"og:url\" content=\"https:\/\/4wanders.com\/en\/equipo\/\" \/>\n<meta property=\"og:site_name\" content=\"4wanders\" \/>\n<meta property=\"article:publisher\" content=\"https:\/\/www.facebook.com\/colivingvalencia\/\" \/>\n<meta property=\"article:modified_time\" content=\"2024-01-12T09:35:21+00:00\" \/>\n<meta property=\"og:image\" content=\"https:\/\/4wanders.com\/wp-content\/uploads\/2022\/11\/Equipo-4wanders-1-1.jpg\" \/>\n<meta name=\"twitter:card\" content=\"summary_large_image\" \/>\n<meta name=\"twitter:label1\" content=\"Estimated reading time\" \/>\n\t<meta name=\"twitter:data1\" content=\"3 minutes\" \/>\n<script type=\"application\/ld+json\" class=\"yoast-schema-graph\">{\"@context\":\"https:\/\/schema.org\",\"@graph\":[{\"@type\":\"WebPage\",\"@id\":\"https:\/\/4wanders.com\/equipo\/\",\"url\":\"https:\/\/4wanders.com\/equipo\/\",\"name\":\"Equipo 4wanders - 4wanders Coliving & Retreats\",\"isPartOf\":{\"@id\":\"https:\/\/4wanders.com\/#website\"},\"datePublished\":\"2022-12-05T22:19:59+00:00\",\"dateModified\":\"2024-01-12T09:35:21+00:00\",\"breadcrumb\":{\"@id\":\"https:\/\/4wanders.com\/equipo\/#breadcrumb\"},\"inLanguage\":\"en-GB\",\"potentialAction\":[{\"@type\":\"ReadAction\",\"target\":[\"https:\/\/4wanders.com\/equipo\/\"]}]},{\"@type\":\"BreadcrumbList\",\"@id\":\"https:\/\/4wanders.com\/equipo\/#breadcrumb\",\"itemListElement\":[{\"@type\":\"ListItem\",\"position\":1,\"name\":\"Portada\",\"item\":\"https:\/\/4wanders.com\/\"},{\"@type\":\"ListItem\",\"position\":2,\"name\":\"Equipo 4wanders\"}]},{\"@type\":\"WebSite\",\"@id\":\"https:\/\/4wanders.com\/#website\",\"url\":\"https:\/\/4wanders.com\/\",\"name\":\"4wanders\",\"description\":\"Coliving &amp; Retreats in Spain\",\"publisher\":{\"@id\":\"https:\/\/4wanders.com\/#organization\"},\"potentialAction\":[{\"@type\":\"SearchAction\",\"target\":{\"@type\":\"EntryPoint\",\"urlTemplate\":\"https:\/\/4wanders.com\/?s={search_term_string}\"},\"query-input\":\"required name=search_term_string\"}],\"inLanguage\":\"en-GB\"},{\"@type\":\"Organization\",\"@id\":\"https:\/\/4wanders.com\/#organization\",\"name\":\"4wanders\",\"url\":\"https:\/\/4wanders.com\/\",\"logo\":{\"@type\":\"ImageObject\",\"inLanguage\":\"en-GB\",\"@id\":\"https:\/\/4wanders.com\/#\/schema\/logo\/image\/\",\"url\":\"https:\/\/4wanders.com\/wp-content\/uploads\/2023\/02\/Instagram-post-5.png\",\"contentUrl\":\"https:\/\/4wanders.com\/wp-content\/uploads\/2023\/02\/Instagram-post-5.png\",\"width\":1080,\"height\":1080,\"caption\":\"4wanders\"},\"image\":{\"@id\":\"https:\/\/4wanders.com\/#\/schema\/logo\/image\/\"},\"sameAs\":[\"https:\/\/www.facebook.com\/colivingvalencia\/\",\"https:\/\/www.instagram.com\/4wanders\/\",\"https:\/\/www.youtube.com\/@4wanders\"]}]}<\/script>\n<!-- \/ Yoast SEO plugin. -->","yoast_head_json":{"title":"Equipo 4wanders - 4wanders Coliving & Retreats","robots":{"index":"index","follow":"follow","max-snippet":"max-snippet:-1","max-image-preview":"max-image-preview:large","max-video-preview":"max-video-preview:-1"},"canonical":"https:\/\/4wanders.com\/en\/equipo\/","og_locale":"en_GB","og_type":"article","og_title":"Equipo 4wanders - 4wanders Coliving & Retreats","og_description":"Conoce a qui\u00e9nes hacen posible 4wanders Conoce a Maira &amp; Weronika, quienes te acompa\u00f1ar\u00e1n en este nuevo camino. Weronika, Customer Support y Maira, Manager Hola, soy Maira Tal y como t\u00fa, he estado viajando y trabajando en remoto durante un tiempo. He visitado y probando diferentes espacios de coworking y coliving, y por eso entiendo [&hellip;]","og_url":"https:\/\/4wanders.com\/en\/equipo\/","og_site_name":"4wanders","article_publisher":"https:\/\/www.facebook.com\/colivingvalencia\/","article_modified_time":"2024-01-12T09:35:21+00:00","og_image":[{"url":"https:\/\/4wanders.com\/wp-content\/uploads\/2022\/11\/Equipo-4wanders-1-1.jpg"}],"twitter_card":"summary_large_image","twitter_misc":{"Estimated reading time":"3 minutes"},"schema":{"@context":"https:\/\/schema.org","@graph":[{"@type":"WebPage","@id":"https:\/\/4wanders.com\/equipo\/","url":"https:\/\/4wanders.com\/equipo\/","name":"Equipo 4wanders - 4wanders Coliving & Retreats","isPartOf":{"@id":"https:\/\/4wanders.com\/#website"},"datePublished":"2022-12-05T22:19:59+00:00","dateModified":"2024-01-12T09:35:21+00:00","breadcrumb":{"@id":"https:\/\/4wanders.com\/equipo\/#breadcrumb"},"inLanguage":"en-GB","potentialAction":[{"@type":"ReadAction","target":["https:\/\/4wanders.com\/equipo\/"]}]},{"@type":"BreadcrumbList","@id":"https:\/\/4wanders.com\/equipo\/#breadcrumb","itemListElement":[{"@type":"ListItem","position":1,"name":"Portada","item":"https:\/\/4wanders.com\/"},{"@type":"ListItem","position":2,"name":"Equipo 4wanders"}]},{"@type":"WebSite","@id":"https:\/\/4wanders.com\/#website","url":"https:\/\/4wanders.com\/","name":"4wanders","description":"Coliving &amp; Retreats in Spain","publisher":{"@id":"https:\/\/4wanders.com\/#organization"},"potentialAction":[{"@type":"SearchAction","target":{"@type":"EntryPoint","urlTemplate":"https:\/\/4wanders.com\/?s={search_term_string}"},"query-input":"required name=search_term_string"}],"inLanguage":"en-GB"},{"@type":"Organization","@id":"https:\/\/4wanders.com\/#organization","name":"4wanders","url":"https:\/\/4wanders.com\/","logo":{"@type":"ImageObject","inLanguage":"en-GB","@id":"https:\/\/4wanders.com\/#\/schema\/logo\/image\/","url":"https:\/\/4wanders.com\/wp-content\/uploads\/2023\/02\/Instagram-post-5.png","contentUrl":"https:\/\/4wanders.com\/wp-content\/uploads\/2023\/02\/Instagram-post-5.png","width":1080,"height":1080,"caption":"4wanders"},"image":{"@id":"https:\/\/4wanders.com\/#\/schema\/logo\/image\/"},"sameAs":["https:\/\/www.facebook.com\/colivingvalencia\/","https:\/\/www.instagram.com\/4wanders\/","https:\/\/www.youtube.com\/@4wanders"]}]}},"_links":{"self":[{"href":"https:\/\/4wanders.com\/en\/wp-json\/wp\/v2\/pages\/1296","targetHints":{"allow":["GET"]}}],"collection":[{"href":"https:\/\/4wanders.com\/en\/wp-json\/wp\/v2\/pages"}],"about":[{"href":"https:\/\/4wanders.com\/en\/wp-json\/wp\/v2\/types\/page"}],"author":[{"embeddable":true,"href":"https:\/\/4wanders.com\/en\/wp-json\/wp\/v2\/users\/1"}],"replies":[{"embeddable":true,"href":"https:\/\/4wanders.com\/en\/wp-json\/wp\/v2\/comments?post=1296"}],"version-history":[{"count":43,"href":"https:\/\/4wanders.com\/en\/wp-json\/wp\/v2\/pages\/1296\/revisions"}],"predecessor-version":[{"id":4148,"href":"https:\/\/4wanders.com\/en\/wp-json\/wp\/v2\/pages\/1296\/revisions\/4148"}],"wp:attachment":[{"href":"https:\/\/4wanders.com\/en\/wp-json\/wp\/v2\/media?parent=1296"}],"curies":[{"name":"wp","href":"https:\/\/api.w.org\/{rel}","templated":true}]}}