{"id":1227,"date":"2022-11-26T11:42:38","date_gmt":"2022-11-26T11:42:38","guid":{"rendered":"https:\/\/4wanders.com\/payment\/"},"modified":"2024-04-10T14:19:52","modified_gmt":"2024-04-10T14:19:52","slug":"payment","status":"publish","type":"page","link":"https:\/\/4wanders.com\/en\/payment\/","title":{"rendered":"Payment"},"content":{"rendered":"<div data-elementor-type=\"wp-page\" data-elementor-id=\"1227\" class=\"elementor elementor-1227\">\n\t\t\t\t\t\t<section class=\"elementor-section elementor-top-section elementor-element elementor-element-513bc4eb elementor-section-boxed elementor-section-height-default elementor-section-height-default\" data-id=\"513bc4eb\" data-element_type=\"section\">\n\t\t\t\t\t\t<div class=\"elementor-container elementor-column-gap-default\">\n\t\t\t\t\t<div class=\"elementor-column elementor-col-100 elementor-top-column elementor-element elementor-element-31452139\" data-id=\"31452139\" data-element_type=\"column\">\n\t\t\t<div class=\"elementor-widget-wrap elementor-element-populated\">\n\t\t\t\t\t\t<div class=\"elementor-element elementor-element-7dc0cd5a elementor-widget elementor-widget-shortcode\" data-id=\"7dc0cd5a\" data-element_type=\"widget\" data-widget_type=\"shortcode.default\">\n\t\t\t\t<div class=\"elementor-widget-container\">\n\t\t\t\t\t<div class=\"elementor-shortcode\">[hfy_payment]<\/div>\n\t\t\t\t<\/div>\n\t\t\t\t<\/div>\n\t\t\t\t\t<\/div>\n\t\t<\/div>\n\t\t\t\t\t<\/div>\n\t\t<\/section>\n\t\t\t\t<section class=\"elementor-section elementor-top-section elementor-element elementor-element-f1e1c00 elementor-section-boxed elementor-section-height-default elementor-section-height-default\" data-id=\"f1e1c00\" data-element_type=\"section\">\n\t\t\t\t\t\t<div class=\"elementor-container elementor-column-gap-default\">\n\t\t\t\t\t<div class=\"elementor-column elementor-col-50 elementor-top-column elementor-element elementor-element-94afc82\" data-id=\"94afc82\" data-element_type=\"column\">\n\t\t\t<div class=\"elementor-widget-wrap elementor-element-populated\">\n\t\t\t\t\t\t<div class=\"elementor-element elementor-element-0faffd9 elementor-widget elementor-widget-text-editor\" data-id=\"0faffd9\" data-element_type=\"widget\" data-widget_type=\"text-editor.default\">\n\t\t\t\t<div class=\"elementor-widget-container\">\n\t\t\t<style>\/*! elementor - v3.21.0 - 26-05-2024 *\/\n.elementor-widget-text-editor.elementor-drop-cap-view-stacked .elementor-drop-cap{background-color:#69727d;color:#fff}.elementor-widget-text-editor.elementor-drop-cap-view-framed .elementor-drop-cap{color:#69727d;border:3px solid;background-color:transparent}.elementor-widget-text-editor:not(.elementor-drop-cap-view-default) .elementor-drop-cap{margin-top:8px}.elementor-widget-text-editor:not(.elementor-drop-cap-view-default) .elementor-drop-cap-letter{width:1em;height:1em}.elementor-widget-text-editor .elementor-drop-cap{float:left;text-align:center;line-height:1;font-size:50px}.elementor-widget-text-editor .elementor-drop-cap-letter{display:inline-block}<\/style>\t\t\t\t<p>Payment Conditions<\/p><p class=\" translation-block\">For <strong>bookings<\/strong> with a <strong>scheduled check-in date<\/strong> of <strong>more than 10 days<\/strong>, a 20% advance payment plus a security deposit (\u20ac300) is charged. The remaining balance will be charged 10 days before the check-in date.<\/p><p class=\" translation-block\">For <strong>bookings<\/strong> with a <strong>scheduled check-in date<\/strong> of <strong>less than 10 days<\/strong>, full payment of the booking is required, plus a security deposit (\u20ac300).<\/p>\t\t\t\t\t\t<\/div>\n\t\t\t\t<\/div>\n\t\t\t\t\t<\/div>\n\t\t<\/div>\n\t\t\t\t<div class=\"elementor-column elementor-col-50 elementor-top-column elementor-element elementor-element-86cdfe3\" data-id=\"86cdfe3\" data-element_type=\"column\">\n\t\t\t<div class=\"elementor-widget-wrap\">\n\t\t\t\t\t\t\t<\/div>\n\t\t<\/div>\n\t\t\t\t\t<\/div>\n\t\t<\/section>\n\t\t\t\t<\/div>","protected":false},"excerpt":{"rendered":"<p>[hfy_payment] Condiciones de pago: Para reservas con fecha de check-in programada en m\u00e1s de 10 d\u00edas, se cobra un 20% por adelantado m\u00e1s un dep\u00f3sito de seguridad (300\u20ac). El saldo restante se cobrar\u00e1 10 d\u00edas antes de la fecha del check-in. Para reservas con fecha de check-in programada en menos de 10 d\u00edas, se requiere [&hellip;]<\/p>","protected":false},"author":1,"featured_media":0,"parent":0,"menu_order":0,"comment_status":"close","ping_status":"close","template":"","meta":{"footnotes":""},"class_list":["post-1227","page","type-page","status-publish","hentry"],"yoast_head":"<!-- This site is optimized with the Yoast SEO plugin v21.5 - https:\/\/yoast.com\/wordpress\/plugins\/seo\/ -->\n<title>Payment - 4wanders Coliving &amp; Retreats<\/title>\n<meta name=\"robots\" content=\"index, follow, max-snippet:-1, max-image-preview:large, max-video-preview:-1\" \/>\n<link rel=\"canonical\" href=\"https:\/\/4wanders.com\/en\/payment\/\" \/>\n<meta property=\"og:locale\" content=\"en_GB\" \/>\n<meta property=\"og:type\" content=\"article\" \/>\n<meta property=\"og:title\" content=\"Payment - 4wanders Coliving &amp; Retreats\" \/>\n<meta property=\"og:description\" content=\"[hfy_payment] Condiciones de pago: Para reservas con fecha de check-in programada en m\u00e1s de 10 d\u00edas, se cobra un 20% por adelantado m\u00e1s un dep\u00f3sito de seguridad (300\u20ac). El saldo restante se cobrar\u00e1 10 d\u00edas antes de la fecha del check-in. Para reservas con fecha de check-in programada en menos de 10 d\u00edas, se requiere [&hellip;]\" \/>\n<meta property=\"og:url\" content=\"https:\/\/4wanders.com\/en\/payment\/\" \/>\n<meta property=\"og:site_name\" content=\"4wanders\" \/>\n<meta property=\"article:publisher\" content=\"https:\/\/www.facebook.com\/colivingvalencia\/\" \/>\n<meta property=\"article:modified_time\" content=\"2024-04-10T14:19:52+00:00\" \/>\n<meta property=\"og:image\" content=\"https:\/\/4wanders.com\/wp-content\/uploads\/2023\/02\/Instagram-post-5.png\" \/>\n\t<meta property=\"og:image:width\" content=\"1080\" \/>\n\t<meta property=\"og:image:height\" content=\"1080\" \/>\n\t<meta property=\"og:image:type\" content=\"image\/png\" \/>\n<meta name=\"twitter:card\" content=\"summary_large_image\" \/>\n<meta name=\"twitter:label1\" content=\"Estimated reading time\" \/>\n\t<meta name=\"twitter:data1\" content=\"1 minute\" \/>\n<script type=\"application\/ld+json\" class=\"yoast-schema-graph\">{\"@context\":\"https:\/\/schema.org\",\"@graph\":[{\"@type\":\"WebPage\",\"@id\":\"https:\/\/4wanders.com\/payment\/\",\"url\":\"https:\/\/4wanders.com\/payment\/\",\"name\":\"Payment - 4wanders Coliving & Retreats\",\"isPartOf\":{\"@id\":\"https:\/\/4wanders.com\/#website\"},\"datePublished\":\"2022-11-26T11:42:38+00:00\",\"dateModified\":\"2024-04-10T14:19:52+00:00\",\"breadcrumb\":{\"@id\":\"https:\/\/4wanders.com\/payment\/#breadcrumb\"},\"inLanguage\":\"en-GB\",\"potentialAction\":[{\"@type\":\"ReadAction\",\"target\":[\"https:\/\/4wanders.com\/payment\/\"]}]},{\"@type\":\"BreadcrumbList\",\"@id\":\"https:\/\/4wanders.com\/payment\/#breadcrumb\",\"itemListElement\":[{\"@type\":\"ListItem\",\"position\":1,\"name\":\"Portada\",\"item\":\"https:\/\/4wanders.com\/\"},{\"@type\":\"ListItem\",\"position\":2,\"name\":\"Payment\"}]},{\"@type\":\"WebSite\",\"@id\":\"https:\/\/4wanders.com\/#website\",\"url\":\"https:\/\/4wanders.com\/\",\"name\":\"4wanders\",\"description\":\"Coliving &amp; Retreats in Spain\",\"publisher\":{\"@id\":\"https:\/\/4wanders.com\/#organization\"},\"potentialAction\":[{\"@type\":\"SearchAction\",\"target\":{\"@type\":\"EntryPoint\",\"urlTemplate\":\"https:\/\/4wanders.com\/?s={search_term_string}\"},\"query-input\":\"required name=search_term_string\"}],\"inLanguage\":\"en-GB\"},{\"@type\":\"Organization\",\"@id\":\"https:\/\/4wanders.com\/#organization\",\"name\":\"4wanders\",\"url\":\"https:\/\/4wanders.com\/\",\"logo\":{\"@type\":\"ImageObject\",\"inLanguage\":\"en-GB\",\"@id\":\"https:\/\/4wanders.com\/#\/schema\/logo\/image\/\",\"url\":\"https:\/\/4wanders.com\/wp-content\/uploads\/2023\/02\/Instagram-post-5.png\",\"contentUrl\":\"https:\/\/4wanders.com\/wp-content\/uploads\/2023\/02\/Instagram-post-5.png\",\"width\":1080,\"height\":1080,\"caption\":\"4wanders\"},\"image\":{\"@id\":\"https:\/\/4wanders.com\/#\/schema\/logo\/image\/\"},\"sameAs\":[\"https:\/\/www.facebook.com\/colivingvalencia\/\",\"https:\/\/www.instagram.com\/4wanders\/\",\"https:\/\/www.youtube.com\/@4wanders\"]}]}<\/script>\n<!-- \/ Yoast SEO plugin. -->","yoast_head_json":{"title":"Payment - 4wanders Coliving & Retreats","robots":{"index":"index","follow":"follow","max-snippet":"max-snippet:-1","max-image-preview":"max-image-preview:large","max-video-preview":"max-video-preview:-1"},"canonical":"https:\/\/4wanders.com\/en\/payment\/","og_locale":"en_GB","og_type":"article","og_title":"Payment - 4wanders Coliving & Retreats","og_description":"[hfy_payment] Condiciones de pago: Para reservas con fecha de check-in programada en m\u00e1s de 10 d\u00edas, se cobra un 20% por adelantado m\u00e1s un dep\u00f3sito de seguridad (300\u20ac). El saldo restante se cobrar\u00e1 10 d\u00edas antes de la fecha del check-in. Para reservas con fecha de check-in programada en menos de 10 d\u00edas, se requiere [&hellip;]","og_url":"https:\/\/4wanders.com\/en\/payment\/","og_site_name":"4wanders","article_publisher":"https:\/\/www.facebook.com\/colivingvalencia\/","article_modified_time":"2024-04-10T14:19:52+00:00","og_image":[{"width":1080,"height":1080,"url":"https:\/\/4wanders.com\/wp-content\/uploads\/2023\/02\/Instagram-post-5.png","type":"image\/png"}],"twitter_card":"summary_large_image","twitter_misc":{"Estimated reading time":"1 minute"},"schema":{"@context":"https:\/\/schema.org","@graph":[{"@type":"WebPage","@id":"https:\/\/4wanders.com\/payment\/","url":"https:\/\/4wanders.com\/payment\/","name":"Payment - 4wanders Coliving & Retreats","isPartOf":{"@id":"https:\/\/4wanders.com\/#website"},"datePublished":"2022-11-26T11:42:38+00:00","dateModified":"2024-04-10T14:19:52+00:00","breadcrumb":{"@id":"https:\/\/4wanders.com\/payment\/#breadcrumb"},"inLanguage":"en-GB","potentialAction":[{"@type":"ReadAction","target":["https:\/\/4wanders.com\/payment\/"]}]},{"@type":"BreadcrumbList","@id":"https:\/\/4wanders.com\/payment\/#breadcrumb","itemListElement":[{"@type":"ListItem","position":1,"name":"Portada","item":"https:\/\/4wanders.com\/"},{"@type":"ListItem","position":2,"name":"Payment"}]},{"@type":"WebSite","@id":"https:\/\/4wanders.com\/#website","url":"https:\/\/4wanders.com\/","name":"4wanders","description":"Coliving &amp; Retreats in Spain","publisher":{"@id":"https:\/\/4wanders.com\/#organization"},"potentialAction":[{"@type":"SearchAction","target":{"@type":"EntryPoint","urlTemplate":"https:\/\/4wanders.com\/?s={search_term_string}"},"query-input":"required name=search_term_string"}],"inLanguage":"en-GB"},{"@type":"Organization","@id":"https:\/\/4wanders.com\/#organization","name":"4wanders","url":"https:\/\/4wanders.com\/","logo":{"@type":"ImageObject","inLanguage":"en-GB","@id":"https:\/\/4wanders.com\/#\/schema\/logo\/image\/","url":"https:\/\/4wanders.com\/wp-content\/uploads\/2023\/02\/Instagram-post-5.png","contentUrl":"https:\/\/4wanders.com\/wp-content\/uploads\/2023\/02\/Instagram-post-5.png","width":1080,"height":1080,"caption":"4wanders"},"image":{"@id":"https:\/\/4wanders.com\/#\/schema\/logo\/image\/"},"sameAs":["https:\/\/www.facebook.com\/colivingvalencia\/","https:\/\/www.instagram.com\/4wanders\/","https:\/\/www.youtube.com\/@4wanders"]}]}},"_links":{"self":[{"href":"https:\/\/4wanders.com\/en\/wp-json\/wp\/v2\/pages\/1227","targetHints":{"allow":["GET"]}}],"collection":[{"href":"https:\/\/4wanders.com\/en\/wp-json\/wp\/v2\/pages"}],"about":[{"href":"https:\/\/4wanders.com\/en\/wp-json\/wp\/v2\/types\/page"}],"author":[{"embeddable":true,"href":"https:\/\/4wanders.com\/en\/wp-json\/wp\/v2\/users\/1"}],"replies":[{"embeddable":true,"href":"https:\/\/4wanders.com\/en\/wp-json\/wp\/v2\/comments?post=1227"}],"version-history":[{"count":21,"href":"https:\/\/4wanders.com\/en\/wp-json\/wp\/v2\/pages\/1227\/revisions"}],"predecessor-version":[{"id":4323,"href":"https:\/\/4wanders.com\/en\/wp-json\/wp\/v2\/pages\/1227\/revisions\/4323"}],"wp:attachment":[{"href":"https:\/\/4wanders.com\/en\/wp-json\/wp\/v2\/media?parent=1227"}],"curies":[{"name":"wp","href":"https:\/\/api.w.org\/{rel}","templated":true}]}}